{"id":850,"date":"2024-07-24T11:34:37","date_gmt":"2024-07-24T11:34:37","guid":{"rendered":"http:\/\/sw-themes.com\/porto_dummy\/?post_type=product&#038;p=850"},"modified":"2026-04-08T14:00:50","modified_gmt":"2026-04-08T14:00:50","slug":"apple-magic-keyboard-for-ipad-pro-12-9-5th-gen","status":"publish","type":"product","link":"https:\/\/ackyshop.com\/index.php\/product\/apple-magic-keyboard-for-ipad-pro-12-9-5th-gen\/","title":{"rendered":"2 Microphones Lavalier Mini Sans Fil USB 2.4G Portables pour T\u00e9l\u00e9phone, Appareil Photo, PC, Enregistrement en Direct avec R\u00e9duction du Bruit"},"content":{"rendered":"<div data-module-name=\"module_structure_descption_productDescription\" data-testid=\"module-structure-description\" data-aplus-ae=\"x15_387b6d88\" data-spm-anchor-id=\"a2700.details.0.i15.33591568TPEDIr\">\n<div class=\"id-py-12 id-border-[#ddd] id-border-b id-pt-7\">\n<div class=\"id-text-xl id-font-bold id-mb-8\" data-spm-anchor-id=\"a2700.details.0.i120.33591568TPEDIr\">Description des produits par le fournisseur<\/div>\n<div class=\"id-flex id-flex-col id-gap-8\">\n<div class=\"id-rounded-lg id-p-6\">\n<div class=\"id-font-bold id-text-[64px] id-leading-[77px] id-mb-7\">Le Coin des D\u00e9tails Cl\u00e9s<\/div>\n<div class=\"id-flex id-flex-col id-gap-4\">\n<div class=\"id-text-[#222] id-font-inter id-text-lg id-font-medium id-font-normal id-flex id-font-medium\" data-testid=\"product-detail-text-sort\">\n<div class=\"id-w-1 id-h-1 id-rounded-full id-bg-[#000000D9] id-flex-shrink-0 id-flex-grow-0 id-mt-[8px]\"><\/div>\n<p><span class=\"id-ml-2 id-whitespace-pre-line\">Sans fil 2,4 GHz : Offre une connectivit\u00e9 fluide pour l&rsquo;enregistrement mobile.<\/span><\/p>\n<\/div>\n<div class=\"id-text-[#222] id-font-inter id-text-lg id-font-medium id-font-normal id-flex id-font-medium\" data-testid=\"product-detail-text-sort\">\n<div class=\"id-w-1 id-h-1 id-rounded-full id-bg-[#000000D9] id-flex-shrink-0 id-flex-grow-0 id-mt-[8px]\"><\/div>\n<p><span class=\"id-ml-2 id-whitespace-pre-line\">Conception portable : taille compacte pour un transport et une utilisation faciles n&rsquo;importe o\u00f9.<\/span><\/p>\n<\/div>\n<div class=\"id-text-[#222] id-font-inter id-text-lg id-font-medium id-font-normal id-flex id-font-medium\" data-testid=\"product-detail-text-sort\">\n<div class=\"id-w-1 id-h-1 id-rounded-full id-bg-[#000000D9] id-flex-shrink-0 id-flex-grow-0 id-mt-[8px]\"><\/div>\n<p><span class=\"id-ml-2 id-whitespace-pre-line\">R\u00e9duction du bruit : Capture un son clair m\u00eame dans les environnements bruyants.<\/span><\/p>\n<\/div>\n<div class=\"id-text-[#222] id-font-inter id-text-lg id-font-medium id-font-normal id-flex id-font-medium\" data-testid=\"product-detail-text-sort\">\n<div class=\"id-w-1 id-h-1 id-rounded-full id-bg-[#000000D9] id-flex-shrink-0 id-flex-grow-0 id-mt-[8px]\"><\/div>\n<p><span class=\"id-ml-2 id-whitespace-pre-line\">Connexions multiples : prend en charge les prises Type-C et 3,5 mm.<\/span><\/p>\n<\/div>\n<div class=\"id-text-[#222] id-font-inter id-text-lg id-font-medium id-font-normal id-flex id-font-medium\" data-testid=\"product-detail-text-sort\">\n<div class=\"id-w-1 id-h-1 id-rounded-full id-bg-[#000000D9] id-flex-shrink-0 id-flex-grow-0 id-mt-[8px]\"><\/div>\n<p><span class=\"id-ml-2 id-whitespace-pre-line\">Haute sensibilit\u00e9 : une sensibilit\u00e9 de 32 dB \u00b1 2 dB garantit un son de haute qualit\u00e9.<\/span><\/p>\n<\/div>\n<\/div>\n<\/div>\n<div class=\"id-flex id-flex-col\" data-testid=\"product-detail-image-simple\">\n<div><img decoding=\"async\" class=\"id-w-[100%] id-rounded-md\" src=\"https:\/\/sc04.alicdn.com\/kf\/H4e0766e3b42a486986cc4307798df941y.jpg\" \/><\/div>\n<div><img decoding=\"async\" class=\"id-w-[100%] id-rounded-md\" src=\"https:\/\/sc04.alicdn.com\/kf\/H997d6c9268904fc58b8cabff19180825G.jpg\" \/><\/div>\n<div><img decoding=\"async\" class=\"id-w-[100%] id-rounded-md\" src=\"https:\/\/sc04.alicdn.com\/kf\/H835246b6cc17435cadfa72f017cd8577y.jpg\" \/><\/div>\n<div><img decoding=\"async\" class=\"id-w-[100%] id-rounded-md\" src=\"https:\/\/sc04.alicdn.com\/kf\/H9cf991e31a7e419ab74e849ecde16b25j.jpg\" \/><\/div>\n<div><img decoding=\"async\" class=\"id-w-[100%] id-rounded-md\" src=\"https:\/\/sc04.alicdn.com\/kf\/H59c72bce1a354b64a7e8741e9b17725em.jpg\" \/><\/div>\n<div><img decoding=\"async\" class=\"id-w-[100%] id-rounded-md\" src=\"https:\/\/sc04.alicdn.com\/kf\/H8be10a126f2b4a3ca1e688f3e3479f95k.jpg\" \/><\/div>\n<\/div>\n<\/div>\n<\/div>\n<\/div>\n<div data-module-name=\"module_structure_descption_companyInfo\" data-testid=\"module-structure-description\" data-aplus-ae=\"x16_195304b9\" data-spm-anchor-id=\"a2700.details.0.i16.33591568TPEDIr\">\n<div class=\"id-py-12 id-border-[#ddd] id-border-b \">\n<div class=\"id-flex id-justify-between id-items-center id-text-[#222] id-font-inter id-font-bold id-text-[32px] id-leader-[42px] id-mb-[28px]\" data-testid=\"product-detail-title\"><\/div>\n<\/div>\n<\/div>\n","protected":false},"excerpt":{"rendered":"<p>Micro-cravate sans fil 3 en 1 avec connexion 2.4 GHz pour un son clair et stable. Compact et facile \u00e0 utiliser, il est id\u00e9al pour les vid\u00e9os, interviews et enregistrements professionnels.<\/p>\n","protected":false},"featured_media":6632,"comment_status":"open","ping_status":"closed","template":"","meta":[],"product_brand":[115],"product_cat":[126,148],"product_tag":[],"class_list":{"0":"post-850","1":"product","2":"type-product","3":"status-publish","4":"has-post-thumbnail","6":"product_brand-huawei","7":"product_cat-microphones","8":"product_cat-offres","10":"first","11":"instock","12":"sale","13":"shipping-taxable","14":"purchasable","15":"product-type-simple"},"_cost_price":"","_links":{"self":[{"href":"https:\/\/ackyshop.com\/index.php\/wp-json\/wp\/v2\/product\/850","targetHints":{"allow":["GET"]}}],"collection":[{"href":"https:\/\/ackyshop.com\/index.php\/wp-json\/wp\/v2\/product"}],"about":[{"href":"https:\/\/ackyshop.com\/index.php\/wp-json\/wp\/v2\/types\/product"}],"replies":[{"embeddable":true,"href":"https:\/\/ackyshop.com\/index.php\/wp-json\/wp\/v2\/comments?post=850"}],"wp:featuredmedia":[{"embeddable":true,"href":"https:\/\/ackyshop.com\/index.php\/wp-json\/wp\/v2\/media\/6632"}],"wp:attachment":[{"href":"https:\/\/ackyshop.com\/index.php\/wp-json\/wp\/v2\/media?parent=850"}],"wp:term":[{"taxonomy":"product_brand","embeddable":true,"href":"https:\/\/ackyshop.com\/index.php\/wp-json\/wp\/v2\/product_brand?post=850"},{"taxonomy":"product_cat","embeddable":true,"href":"https:\/\/ackyshop.com\/index.php\/wp-json\/wp\/v2\/product_cat?post=850"},{"taxonomy":"product_tag","embeddable":true,"href":"https:\/\/ackyshop.com\/index.php\/wp-json\/wp\/v2\/product_tag?post=850"}],"curies":[{"name":"wp","href":"https:\/\/api.w.org\/{rel}","templated":true}]}}