{"id":846,"date":"2024-07-24T11:33:14","date_gmt":"2024-07-24T11:33:14","guid":{"rendered":"http:\/\/sw-themes.com\/porto_dummy\/?post_type=product&#038;p=846"},"modified":"2026-04-08T14:01:29","modified_gmt":"2026-04-08T14:01:29","slug":"apple-ipad-pro-13-inch-m4-magic-keyboard","status":"publish","type":"product","link":"https:\/\/ackyshop.com\/index.php\/product\/apple-ipad-pro-13-inch-m4-magic-keyboard\/","title":{"rendered":"Souris Optique Sans Fil 2.4G Ergonomique pour PC, Confortable, 6 Boutons, Design Vertical Droitier, R\u00e9cepteur USB LED, Noire pour Ordinateur Portable"},"content":{"rendered":"<div class=\"id-text-xl id-font-bold id-mb-8\" data-spm-anchor-id=\"a2700.details.0.i126.4ae33955fAGhiY\">Description des produits par le fournisseur<\/div>\n<div class=\"id-flex id-flex-col id-gap-8\">\n<div class=\"id-rounded-lg id-p-6\">\n<div class=\"id-font-bold id-text-[64px] id-leading-[77px] id-mb-7\" data-spm-anchor-id=\"a2700.details.0.i125.4ae33955fAGhiY\">Le Coin des D\u00e9tails Cl\u00e9s<\/div>\n<div class=\"id-flex id-flex-col id-gap-4\">\n<div class=\"id-text-[#222] id-font-inter id-text-lg id-font-medium id-font-normal id-flex id-font-medium\" data-testid=\"product-detail-text-sort\">\n<div class=\"id-w-1 id-h-1 id-rounded-full id-bg-[#000000D9] id-flex-shrink-0 id-flex-grow-0 id-mt-[8px]\"><\/div>\n<p><span class=\"id-ml-2 id-whitespace-pre-line\">Conception ergonomique : Conception confortable pour une utilisation prolong\u00e9e en position debout, id\u00e9ale pour les droitiers.<\/span><\/p>\n<\/div>\n<div class=\"id-text-[#222] id-font-inter id-text-lg id-font-medium id-font-normal id-flex id-font-medium\" data-testid=\"product-detail-text-sort\">\n<div class=\"id-w-1 id-h-1 id-rounded-full id-bg-[#000000D9] id-flex-shrink-0 id-flex-grow-0 id-mt-[8px]\"><\/div>\n<p><span class=\"id-ml-2 id-whitespace-pre-line\">Connectivit\u00e9 sans fil : connexion sans fil 2,4 GHz pour une mobilit\u00e9 fluide.<\/span><\/p>\n<\/div>\n<div class=\"id-text-[#222] id-font-inter id-text-lg id-font-medium id-font-normal id-flex id-font-medium\" data-testid=\"product-detail-text-sort\">\n<div class=\"id-w-1 id-h-1 id-rounded-full id-bg-[#000000D9] id-flex-shrink-0 id-flex-grow-0 id-mt-[8px]\"><\/div>\n<p><span class=\"id-ml-2 id-whitespace-pre-line\">R\u00e9tro\u00e9clairage LED : Illumine les boutons pour une meilleure visibilit\u00e9 dans des conditions de faible luminosit\u00e9.<\/span><\/p>\n<\/div>\n<div class=\"id-text-[#222] id-font-inter id-text-lg id-font-medium id-font-normal id-flex id-font-medium\" data-testid=\"product-detail-text-sort\">\n<div class=\"id-w-1 id-h-1 id-rounded-full id-bg-[#000000D9] id-flex-shrink-0 id-flex-grow-0 id-mt-[8px]\"><\/div>\n<p><span class=\"id-ml-2 id-whitespace-pre-line\">Commande \u00e0 6 boutons : Offre une navigation pr\u00e9cise et des options de personnalisation.<\/span><\/p>\n<\/div>\n<div class=\"id-text-[#222] id-font-inter id-text-lg id-font-medium id-font-normal id-flex id-font-medium\" data-testid=\"product-detail-text-sort\">\n<div class=\"id-w-1 id-h-1 id-rounded-full id-bg-[#000000D9] id-flex-shrink-0 id-flex-grow-0 id-mt-[8px]\"><\/div>\n<p><span class=\"id-ml-2 id-whitespace-pre-line\">Suivi optique : Un suivi pr\u00e9cis assure un mouvement fluide du curseur.<\/span><\/p>\n<\/div>\n<\/div>\n<\/div>\n<div class=\"id-aspect-video id-overflow-hidden \" data-testid=\"product-detail-video\">\n<div class=\"react-dove detail-video-player\" data-player-version=\"1.3.10\" data-core-version=\"1.1.3\">\n<div class=\"react-dove-container\">\n<div class=\"react-dove-video\"><\/div>\n<\/div>\n<div class=\"react-dove-controls-wraper\">\n<div class=\"react-dove-controls-wraper-outer\">\n<div class=\"react-dove-playButton react-dove-bigPlay unset\">\n<div class=\"react-dove-playButton-wapper\"><\/div>\n<\/div>\n<div class=\"react-dove-loading\"><\/div>\n<\/div>\n<\/div>\n<\/div>\n<\/div>\n<div class=\"id-flex id-flex-col\" data-testid=\"product-detail-image-simple\">\n<div><img decoding=\"async\" class=\"id-w-[100%] id-rounded-md\" src=\"https:\/\/sc04.alicdn.com\/kf\/Ac08cf36342a1438e8935ae6701ddec0cS.png\" \/><\/div>\n<div><img decoding=\"async\" class=\"id-w-[100%] id-rounded-md\" src=\"https:\/\/sc04.alicdn.com\/kf\/A3f6b2f00065f423a96198708d1dbfad0g.jpg\" \/><\/div>\n<div><img decoding=\"async\" class=\"id-w-[100%] id-rounded-md\" src=\"https:\/\/sc04.alicdn.com\/kf\/Acea072a4f85a40318f099efaf39e7b874.jpg\" \/><\/div>\n<div><img decoding=\"async\" class=\"id-w-[100%] id-rounded-md\" src=\"https:\/\/sc04.alicdn.com\/kf\/Add536beabf6047819f13ccec81d10012p.jpg\" \/><\/div>\n<div><img decoding=\"async\" class=\"id-w-[100%] id-rounded-md\" src=\"https:\/\/sc04.alicdn.com\/kf\/Af086126c421a46ffac959124b14e57b2v.jpg\" \/><\/div>\n<div><img decoding=\"async\" class=\"id-w-[100%] id-rounded-md\" src=\"https:\/\/sc04.alicdn.com\/kf\/A2ba52f8df59840d58878173a0ac3ad93v.jpg\" \/><\/div>\n<div><img decoding=\"async\" class=\"id-w-[100%] id-rounded-md\" src=\"https:\/\/sc04.alicdn.com\/kf\/A9a661e511023484c81d35ffb89f73685k.jpg\" \/><\/div>\n<div><img decoding=\"async\" class=\"id-w-[100%] id-rounded-md\" src=\"https:\/\/sc04.alicdn.com\/kf\/A652514cf23204cb3ab515000857e1f3f8.jpg\" \/><\/div>\n<div><img decoding=\"async\" class=\"id-w-[100%] id-rounded-md\" src=\"https:\/\/sc04.alicdn.com\/kf\/Ab1b5528dbf3e48ed9e24e0921aaec8bdG.jpg\" \/><\/div>\n<div><img decoding=\"async\" class=\"id-w-[100%] id-rounded-md\" src=\"https:\/\/sc04.alicdn.com\/kf\/A419d8420ecdd4dbd87c15b8faac9f654A.jpg\" \/><\/div>\n<\/div>\n<\/div>\n","protected":false},"excerpt":{"rendered":"<p>Souris sans fil 2.4 GHz avec design ergonomique et pr\u00e9cision 2400 DPI. Confortable et r\u00e9active, elle est id\u00e9ale pour le travail, le gaming et une utilisation quotidienne fluide.<\/p>\n","protected":false},"featured_media":6618,"comment_status":"open","ping_status":"closed","template":"","meta":[],"product_brand":[98],"product_cat":[148,117],"product_tag":[],"class_list":{"0":"post-846","1":"product","2":"type-product","3":"status-publish","4":"has-post-thumbnail","6":"product_brand-apple","7":"product_cat-offres","8":"product_cat-souris","10":"first","11":"instock","12":"sale","13":"shipping-taxable","14":"purchasable","15":"product-type-simple"},"_cost_price":"","_links":{"self":[{"href":"https:\/\/ackyshop.com\/index.php\/wp-json\/wp\/v2\/product\/846","targetHints":{"allow":["GET"]}}],"collection":[{"href":"https:\/\/ackyshop.com\/index.php\/wp-json\/wp\/v2\/product"}],"about":[{"href":"https:\/\/ackyshop.com\/index.php\/wp-json\/wp\/v2\/types\/product"}],"replies":[{"embeddable":true,"href":"https:\/\/ackyshop.com\/index.php\/wp-json\/wp\/v2\/comments?post=846"}],"wp:featuredmedia":[{"embeddable":true,"href":"https:\/\/ackyshop.com\/index.php\/wp-json\/wp\/v2\/media\/6618"}],"wp:attachment":[{"href":"https:\/\/ackyshop.com\/index.php\/wp-json\/wp\/v2\/media?parent=846"}],"wp:term":[{"taxonomy":"product_brand","embeddable":true,"href":"https:\/\/ackyshop.com\/index.php\/wp-json\/wp\/v2\/product_brand?post=846"},{"taxonomy":"product_cat","embeddable":true,"href":"https:\/\/ackyshop.com\/index.php\/wp-json\/wp\/v2\/product_cat?post=846"},{"taxonomy":"product_tag","embeddable":true,"href":"https:\/\/ackyshop.com\/index.php\/wp-json\/wp\/v2\/product_tag?post=846"}],"curies":[{"name":"wp","href":"https:\/\/api.w.org\/{rel}","templated":true}]}}