{"id":746,"date":"2024-07-24T09:40:27","date_gmt":"2024-07-24T09:40:27","guid":{"rendered":"http:\/\/sw-themes.com\/porto_dummy\/?post_type=product&#038;p=746"},"modified":"2026-04-08T13:58:05","modified_gmt":"2026-04-08T13:58:05","slug":"galaxy-buds2-pro","status":"publish","type":"product","link":"https:\/\/ackyshop.com\/index.php\/product\/galaxy-buds2-pro\/","title":{"rendered":"Produits Tendances Casque Audio 3,5 Mm sans Fil Prise en Charge Carte SD Mobile Casque Hifi Pliable \u00c9couteurs sans Fil P47"},"content":{"rendered":"<div class=\"J_module\">\n<div class=\"ife-detail-decorate-table\">\n<h2 data-section-id=\"1brdev0\" data-start=\"105\" data-end=\"137\">Casque sans fil Bluetooth P47<\/h2>\n<p data-start=\"139\" data-end=\"366\">Profitez d\u2019une exp\u00e9rience audio de qualit\u00e9 avec ce <strong data-start=\"190\" data-end=\"213\">casque sans fil P47<\/strong>, id\u00e9al pour \u00e9couter votre musique, passer des appels ou regarder vos vid\u00e9os en toute libert\u00e9. L\u00e9ger, confortable et pliable, il vous accompagne partout.<\/p>\n<ul data-start=\"368\" data-end=\"572\">\n<li data-section-id=\"ux2dx7\" data-start=\"368\" data-end=\"412\">Connexion Bluetooth 5.0 rapide et stable<\/li>\n<li data-section-id=\"kh1ws3\" data-start=\"413\" data-end=\"445\">Son st\u00e9r\u00e9o clair et puissant<\/li>\n<li data-section-id=\"r52qbs\" data-start=\"446\" data-end=\"483\">Fonction mains libres pour appels<\/li>\n<li data-section-id=\"1vu3qku\" data-start=\"484\" data-end=\"529\">Compatible avec t\u00e9l\u00e9phone, tablette et PC<\/li>\n<li data-section-id=\"1xr43ac\" data-start=\"530\" data-end=\"572\">Design pliable et facile \u00e0 transporter<\/li>\n<\/ul>\n<hr data-start=\"574\" data-end=\"577\" \/>\n<h2 data-section-id=\"1qr1bd9\" data-start=\"579\" data-end=\"598\">Caract\u00e9ristiques<\/h2>\n<ul data-start=\"600\" data-end=\"835\">\n<li data-section-id=\"prf8na\" data-start=\"600\" data-end=\"616\">Mod\u00e8le : P47<\/li>\n<li data-section-id=\"ae47o6\" data-start=\"617\" data-end=\"643\">Type : Casque sans fil<\/li>\n<li data-section-id=\"1h220mm\" data-start=\"644\" data-end=\"696\">Connectivit\u00e9 : Bluetooth \/ Carte SD \/ c\u00e2ble jack<\/li>\n<li data-section-id=\"19cq35h\" data-start=\"697\" data-end=\"726\">Autonomie : 5 \u00e0 10 heures<\/li>\n<li data-section-id=\"1b3bu7c\" data-start=\"727\" data-end=\"761\">Temps de charge : 1 \u00e0 3 heures<\/li>\n<li data-section-id=\"1w5vqva\" data-start=\"762\" data-end=\"789\">Port de charge : Type-C<\/li>\n<li data-section-id=\"uy3m0c\" data-start=\"790\" data-end=\"835\">Distance de connexion : jusqu\u2019\u00e0 10 m\u00e8tres<\/li>\n<\/ul>\n<hr data-start=\"837\" data-end=\"840\" \/>\n<h2 data-section-id=\"151tlmc\" data-start=\"842\" data-end=\"855\">Id\u00e9al pour<\/h2>\n<ul data-start=\"857\" data-end=\"902\">\n<li data-section-id=\"ggzv0r\" data-start=\"857\" data-end=\"868\">Musique<\/li>\n<li data-section-id=\"1g223n7\" data-start=\"869\" data-end=\"879\">Appels<\/li>\n<li data-section-id=\"1sy3kn7\" data-start=\"880\" data-end=\"890\"><span dir=\"auto\" style=\"vertical-align: inherit;\"><span dir=\"auto\" style=\"vertical-align: inherit;\">Jeux<\/span><\/span><\/li>\n<li data-section-id=\"myn5js\" data-start=\"891\" data-end=\"902\"><span dir=\"auto\" style=\"vertical-align: inherit;\"><span dir=\"auto\" style=\"vertical-align: inherit;\">Voyages<\/span><\/span><\/li>\n<\/ul>\n<\/div>\n<\/div>\n<div class=\"J_module\">\n<div class=\"icbu-pc-images magic-5\">\n<div>\n<div class=\"flex-layout-v\">\n<div class=\"flex-layout-h magic-5\">\n<div class=\"magic-6\"><img decoding=\"async\" class=\"magic-7\" src=\"https:\/\/sc04.alicdn.com\/kf\/H930cfb7c56bd4b558998d649d6fb881cV\/278552404\/H930cfb7c56bd4b558998d649d6fb881cV.jpg\" data-src=\"\/\/sc04.alicdn.com\/kf\/H930cfb7c56bd4b558998d649d6fb881cV\/278552404\/H930cfb7c56bd4b558998d649d6fb881cV.jpg\" data-spm-anchor-id=\"a2700.details-description.0.i3.48adSK9WSK9Wlt\" \/><\/div>\n<\/div>\n<\/div>\n<\/div>\n<\/div>\n<\/div>\n<div class=\"J_module\">\n<div class=\"icbu-pc-images magic-5\">\n<div>\n<div class=\"flex-layout-v\">\n<div class=\"flex-layout-h magic-5\">\n<div class=\"magic-8\"><img decoding=\"async\" class=\"magic-9\" src=\"https:\/\/sc04.alicdn.com\/kf\/Hf2988fa91bfb4528ba48891db8dd2d00G\/278552404\/Hf2988fa91bfb4528ba48891db8dd2d00G.jpg\" data-src=\"\/\/sc04.alicdn.com\/kf\/Hf2988fa91bfb4528ba48891db8dd2d00G\/278552404\/Hf2988fa91bfb4528ba48891db8dd2d00G.jpg\" \/><\/div>\n<\/div>\n<\/div>\n<\/div>\n<\/div>\n<\/div>\n<div class=\"J_module\">\n<div class=\"icbu-pc-images magic-5\">\n<div>\n<div class=\"flex-layout-v\">\n<div class=\"flex-layout-h magic-5\">\n<div class=\"magic-6\"><img decoding=\"async\" class=\"magic-7\" src=\"https:\/\/sc04.alicdn.com\/kf\/H6d2ccad658c440dfb549352d79ed1cfan\/278552404\/H6d2ccad658c440dfb549352d79ed1cfan.jpg\" data-src=\"\/\/sc04.alicdn.com\/kf\/H6d2ccad658c440dfb549352d79ed1cfan\/278552404\/H6d2ccad658c440dfb549352d79ed1cfan.jpg\" \/><\/div>\n<\/div>\n<\/div>\n<\/div>\n<\/div>\n<\/div>\n<div class=\"J_module\">\n<div class=\"icbu-pc-images magic-5\">\n<div>\n<div class=\"flex-layout-v\">\n<div class=\"flex-layout-h magic-5\">\n<div class=\"magic-6\"><img decoding=\"async\" class=\"magic-7\" src=\"https:\/\/sc04.alicdn.com\/kf\/H0e821e88352d4c52b73e982afbef3350w\/278552404\/H0e821e88352d4c52b73e982afbef3350w.jpg\" data-src=\"\/\/sc04.alicdn.com\/kf\/H0e821e88352d4c52b73e982afbef3350w\/278552404\/H0e821e88352d4c52b73e982afbef3350w.jpg\" \/><\/div>\n<\/div>\n<\/div>\n<\/div>\n<\/div>\n<\/div>\n<div class=\"J_module\">\n<div class=\"icbu-pc-images magic-5\">\n<div>\n<div class=\"flex-layout-v\">\n<div class=\"flex-layout-h magic-5\">\n<div class=\"magic-6\"><img decoding=\"async\" class=\"magic-7\" src=\"https:\/\/sc04.alicdn.com\/kf\/H8155bc8f3ad84436a732c8a28e9208afX\/278552404\/H8155bc8f3ad84436a732c8a28e9208afX.jpg\" data-src=\"\/\/sc04.alicdn.com\/kf\/H8155bc8f3ad84436a732c8a28e9208afX\/278552404\/H8155bc8f3ad84436a732c8a28e9208afX.jpg\" \/><\/div>\n<\/div>\n<\/div>\n<\/div>\n<\/div>\n<\/div>\n<div class=\"J_module\">\n<div class=\"icbu-pc-images magic-5\">\n<div>\n<div class=\"flex-layout-v\">\n<div class=\"flex-layout-h magic-5\">\n<div class=\"magic-6\"><img decoding=\"async\" class=\"magic-7\" src=\"https:\/\/sc04.alicdn.com\/kf\/Hbe97ec1c586345c7b9fcae2133ead318N\/278552404\/Hbe97ec1c586345c7b9fcae2133ead318N.jpg\" data-src=\"\/\/sc04.alicdn.com\/kf\/Hbe97ec1c586345c7b9fcae2133ead318N\/278552404\/Hbe97ec1c586345c7b9fcae2133ead318N.jpg\" \/><\/div>\n<\/div>\n<\/div>\n<\/div>\n<\/div>\n<\/div>\n<div class=\"J_module\">\n<div class=\"icbu-pc-images magic-5\">\n<div>\n<div class=\"flex-layout-v\">\n<div class=\"flex-layout-h magic-5\">\n<div class=\"magic-6\"><img decoding=\"async\" class=\"magic-7\" src=\"https:\/\/sc04.alicdn.com\/kf\/Ha8d68bf20431487a9e51c371ea17c96dz\/278552404\/Ha8d68bf20431487a9e51c371ea17c96dz.jpg\" data-src=\"\/\/sc04.alicdn.com\/kf\/Ha8d68bf20431487a9e51c371ea17c96dz\/278552404\/Ha8d68bf20431487a9e51c371ea17c96dz.jpg\" \/><\/div>\n<\/div>\n<\/div>\n<\/div>\n<\/div>\n<\/div>\n<div class=\"J_module\">\n<div class=\"icbu-pc-images magic-5\">\n<div>\n<div class=\"flex-layout-v\">\n<div class=\"flex-layout-h magic-5\">\n<div class=\"magic-10\"><img decoding=\"async\" class=\"magic-11\" src=\"https:\/\/sc04.alicdn.com\/kf\/H21f96fac6b004008bc8b3f3e27730728A\/278552404\/H21f96fac6b004008bc8b3f3e27730728A.jpg\" data-src=\"\/\/sc04.alicdn.com\/kf\/H21f96fac6b004008bc8b3f3e27730728A\/278552404\/H21f96fac6b004008bc8b3f3e27730728A.jpg\" \/><\/div>\n<\/div>\n<\/div>\n<\/div>\n<\/div>\n<\/div>\n<div class=\"J_module\">\n<div class=\"icbu-pc-images magic-5\">\n<div>\n<div class=\"flex-layout-v\">\n<div class=\"flex-layout-h magic-5\">\n<div class=\"magic-12\"><img decoding=\"async\" class=\"magic-13\" src=\"https:\/\/sc04.alicdn.com\/kf\/Hbeb4a01f11874bf5864ef83c07ea22a46\/278552404\/Hbeb4a01f11874bf5864ef83c07ea22a46.jpg\" data-src=\"\/\/sc04.alicdn.com\/kf\/Hbeb4a01f11874bf5864ef83c07ea22a46\/278552404\/Hbeb4a01f11874bf5864ef83c07ea22a46.jpg\" \/><\/div>\n<\/div>\n<\/div>\n<\/div>\n<\/div>\n<\/div>\n<div class=\"J_module\">\n<div class=\"icbu-pc-images magic-5\">\n<div>\n<div class=\"flex-layout-v\">\n<div class=\"flex-layout-h magic-5\">\n<div class=\"magic-14\"><img decoding=\"async\" class=\"magic-15\" src=\"https:\/\/sc04.alicdn.com\/kf\/Ha9dfe09eabeb4ad0b1eb27276d71265de\/278552404\/Ha9dfe09eabeb4ad0b1eb27276d71265de.jpg\" data-src=\"\/\/sc04.alicdn.com\/kf\/Ha9dfe09eabeb4ad0b1eb27276d71265de\/278552404\/Ha9dfe09eabeb4ad0b1eb27276d71265de.jpg\" \/><\/div>\n<\/div>\n<\/div>\n<\/div>\n<\/div>\n<\/div>\n<div class=\"J_module\">\n<div class=\"icbu-pc-images magic-5\">\n<div>\n<div class=\"flex-layout-v\">\n<div class=\"flex-layout-h magic-5\">\n<div class=\"magic-6\"><img decoding=\"async\" class=\"magic-7\" src=\"https:\/\/sc04.alicdn.com\/kf\/Hac61a6f49f70417c8fd15576528d3cfea\/278552404\/Hac61a6f49f70417c8fd15576528d3cfea.jpg\" data-src=\"\/\/sc04.alicdn.com\/kf\/Hac61a6f49f70417c8fd15576528d3cfea\/278552404\/Hac61a6f49f70417c8fd15576528d3cfea.jpg\" \/><\/div>\n<\/div>\n<\/div>\n<\/div>\n<\/div>\n<\/div>\n","protected":false},"excerpt":{"rendered":"<div class=\"flex flex-col text-sm pb-25\">\n<section class=\"text-token-text-primary w-full focus:outline-none [--shadow-height:45px] has-data-writing-block:pointer-events-none has-data-writing-block:-mt-(--shadow-height) has-data-writing-block:pt-(--shadow-height) [&amp;:has([data-writing-block])&gt;*]:pointer-events-auto scroll-mt-[calc(var(--header-height)+min(200px,max(70px,20svh)))]\" dir=\"auto\" data-turn-id=\"request-69d2f676-f6d4-832f-a575-37c5b9f9cc73-1\" data-testid=\"conversation-turn-24\" data-scroll-anchor=\"true\" data-turn=\"assistant\">\n<div class=\"text-base my-auto mx-auto pb-10 [--thread-content-margin:var(--thread-content-margin-xs,calc(var(--spacing)*4))] @w-sm\/main:[--thread-content-margin:var(--thread-content-margin-sm,calc(var(--spacing)*6))] @w-lg\/main:[--thread-content-margin:var(--thread-content-margin-lg,calc(var(--spacing)*16))] px-(--thread-content-margin)\">\n<div class=\"[--thread-content-max-width:40rem] @w-lg\/main:[--thread-content-max-width:48rem] mx-auto max-w-(--thread-content-max-width) flex-1 group\/turn-messages focus-visible:outline-hidden relative flex w-full min-w-0 flex-col agent-turn\">\n<div class=\"flex max-w-full flex-col gap-4 grow\">\n<div class=\"min-h-8 text-message relative flex w-full flex-col items-end gap-2 text-start break-words whitespace-normal outline-none keyboard-focused:focus-ring [.text-message+&amp;]:mt-1\" dir=\"auto\" tabindex=\"0\" data-message-author-role=\"assistant\" data-message-id=\"21ae65bd-2b9e-4f59-b356-ab347d25cc2b\" data-message-model-slug=\"gpt-5-3\" data-turn-start-message=\"true\">\n<div class=\"flex w-full flex-col gap-1 empty:hidden\">\n<div class=\"markdown prose dark:prose-invert w-full wrap-break-word light markdown-new-styling\">\n<p data-start=\"89\" data-end=\"301\" data-is-last-node=\"\" data-is-only-node=\"\"><strong data-start=\"89\" data-end=\"301\" data-is-last-node=\"\">Casque sans fil Bluetooth P47 avec son st\u00e9r\u00e9o clair et connexion stable. L\u00e9ger, pliable et confortable, il est id\u00e9al pour \u00e9couter de la musique, passer des appels et profiter de vos contenus en toute libert\u00e9.<\/strong><\/p>\n<\/div>\n<\/div>\n<\/div>\n<\/div>\n<div class=\"z-0 flex min-h-[46px] justify-start\"><\/div>\n<div class=\"mt-3 w-full empty:hidden\">\n<div class=\"text-center\"><\/div>\n<\/div>\n<\/div>\n<\/div>\n<\/section>\n<\/div>\n<div class=\"pointer-events-none h-px w-px absolute bottom-0\" aria-hidden=\"true\" data-edge=\"true\"><\/div>\n","protected":false},"featured_media":6596,"comment_status":"open","ping_status":"closed","template":"","meta":[],"product_brand":[98],"product_cat":[145,148],"product_tag":[],"class_list":{"0":"post-746","1":"product","2":"type-product","3":"status-publish","4":"has-post-thumbnail","6":"product_brand-apple","7":"product_cat-casque-audio","8":"product_cat-offres","10":"first","11":"instock","12":"sale","13":"featured","14":"shipping-taxable","15":"purchasable","16":"product-type-variable"},"_cost_price":"","_links":{"self":[{"href":"https:\/\/ackyshop.com\/index.php\/wp-json\/wp\/v2\/product\/746","targetHints":{"allow":["GET"]}}],"collection":[{"href":"https:\/\/ackyshop.com\/index.php\/wp-json\/wp\/v2\/product"}],"about":[{"href":"https:\/\/ackyshop.com\/index.php\/wp-json\/wp\/v2\/types\/product"}],"replies":[{"embeddable":true,"href":"https:\/\/ackyshop.com\/index.php\/wp-json\/wp\/v2\/comments?post=746"}],"wp:featuredmedia":[{"embeddable":true,"href":"https:\/\/ackyshop.com\/index.php\/wp-json\/wp\/v2\/media\/6596"}],"wp:attachment":[{"href":"https:\/\/ackyshop.com\/index.php\/wp-json\/wp\/v2\/media?parent=746"}],"wp:term":[{"taxonomy":"product_brand","embeddable":true,"href":"https:\/\/ackyshop.com\/index.php\/wp-json\/wp\/v2\/product_brand?post=746"},{"taxonomy":"product_cat","embeddable":true,"href":"https:\/\/ackyshop.com\/index.php\/wp-json\/wp\/v2\/product_cat?post=746"},{"taxonomy":"product_tag","embeddable":true,"href":"https:\/\/ackyshop.com\/index.php\/wp-json\/wp\/v2\/product_tag?post=746"}],"curies":[{"name":"wp","href":"https:\/\/api.w.org\/{rel}","templated":true}]}}