{"id":737,"date":"2024-07-24T09:34:12","date_gmt":"2024-07-24T09:34:12","guid":{"rendered":"http:\/\/sw-themes.com\/porto_dummy\/?post_type=product&#038;p=737"},"modified":"2026-04-06T01:50:22","modified_gmt":"2026-04-06T01:50:22","slug":"support-de-refroidissement-reglable-pour-ordinateur-portable","status":"publish","type":"product","link":"https:\/\/ackyshop.com\/index.php\/product\/support-de-refroidissement-reglable-pour-ordinateur-portable\/","title":{"rendered":"Support de Refroidissement R\u00e9glable pour Ordinateur Portable avec Ventilateur"},"content":{"rendered":"<h2 data-section-id=\"srm25y\" data-start=\"103\" data-end=\"157\">Support de refroidissement pour ordinateur portable<\/h2>\n<p data-start=\"159\" data-end=\"348\">Optimisez les performances de votre ordinateur avec ce support r\u00e9glable avec ventilateur int\u00e9gr\u00e9. Il permet de r\u00e9duire la surchauffe et d\u2019am\u00e9liorer votre confort d\u2019utilisation au quotidien.<\/p>\n<ul data-start=\"350\" data-end=\"489\">\n<li data-section-id=\"1hwe8fz\" data-start=\"350\" data-end=\"378\">Refroidissement efficace<\/li>\n<li data-section-id=\"et64k8\" data-start=\"379\" data-end=\"399\">Hauteur r\u00e9glable<\/li>\n<li data-section-id=\"g6wfwh\" data-start=\"400\" data-end=\"422\">Design ergonomique<\/li>\n<li data-section-id=\"x1uqa\" data-start=\"423\" data-end=\"452\">Structure solide en acier<\/li>\n<li data-section-id=\"bn9lp9\" data-start=\"453\" data-end=\"489\">Compatible avec tous les laptops<\/li>\n<\/ul>\n<hr data-start=\"491\" data-end=\"494\" \/>\n<h2 data-section-id=\"1qr1bd9\" data-start=\"496\" data-end=\"515\">Caract\u00e9ristiques<\/h2>\n<ul data-start=\"517\" data-end=\"649\">\n<li data-section-id=\"166bnmd\" data-start=\"517\" data-end=\"540\">Ventilateur int\u00e9gr\u00e9<\/li>\n<li data-section-id=\"159imxp\" data-start=\"541\" data-end=\"561\">Support r\u00e9glable<\/li>\n<li data-section-id=\"twaggg\" data-start=\"562\" data-end=\"582\">Mat\u00e9riau : acier<\/li>\n<li data-section-id=\"1fumd8d\" data-start=\"583\" data-end=\"608\">Taille : 260 \u00d7 225 mm<\/li>\n<li data-section-id=\"w1ycs9\" data-start=\"609\" data-end=\"649\">Utilisation : bureau, maison, gaming<\/li>\n<\/ul>\n<hr data-start=\"651\" data-end=\"654\" \/>\n<h2 data-section-id=\"151tlmc\" data-start=\"656\" data-end=\"669\">Id\u00e9al pour<\/h2>\n<ul data-start=\"671\" data-end=\"704\">\n<li data-section-id=\"1d6c47x\" data-start=\"671\" data-end=\"682\">Travail<\/li>\n<li data-section-id=\"1sy3kn7\" data-start=\"683\" data-end=\"693\">Gaming<\/li>\n<li data-section-id=\"n99a42\" data-start=\"694\" data-end=\"704\">\u00c9tudes<\/li>\n<\/ul>\n","protected":false},"excerpt":{"rendered":"<div class=\"flex flex-col text-sm pb-25\">\n<section class=\"text-token-text-primary w-full focus:outline-none [--shadow-height:45px] has-data-writing-block:pointer-events-none has-data-writing-block:-mt-(--shadow-height) has-data-writing-block:pt-(--shadow-height) [&amp;:has([data-writing-block])&gt;*]:pointer-events-auto scroll-mt-[calc(var(--header-height)+min(200px,max(70px,20svh)))]\" dir=\"auto\" data-turn-id=\"request-WEB:c994f596-2e27-4cea-9912-6e2526a2ee4b-9\" data-testid=\"conversation-turn-20\" data-scroll-anchor=\"true\" data-turn=\"assistant\">\n<div class=\"text-base my-auto mx-auto pb-10 [--thread-content-margin:var(--thread-content-margin-xs,calc(var(--spacing)*4))] @w-sm\/main:[--thread-content-margin:var(--thread-content-margin-sm,calc(var(--spacing)*6))] @w-lg\/main:[--thread-content-margin:var(--thread-content-margin-lg,calc(var(--spacing)*16))] px-(--thread-content-margin)\">\n<div class=\"[--thread-content-max-width:40rem] @w-lg\/main:[--thread-content-max-width:48rem] mx-auto max-w-(--thread-content-max-width) flex-1 group\/turn-messages focus-visible:outline-hidden relative flex w-full min-w-0 flex-col agent-turn\">\n<div class=\"flex max-w-full flex-col gap-4 grow\">\n<div class=\"min-h-8 text-message relative flex w-full flex-col items-end gap-2 text-start break-words whitespace-normal outline-none keyboard-focused:focus-ring [.text-message+&amp;]:mt-1\" dir=\"auto\" tabindex=\"0\" data-message-author-role=\"assistant\" data-message-id=\"b43427f1-034e-4dc3-bbe4-ea275c41f2c2\" data-message-model-slug=\"gpt-5-3\" data-turn-start-message=\"true\">\n<div class=\"flex w-full flex-col gap-1 empty:hidden\">\n<div class=\"markdown prose dark:prose-invert w-full wrap-break-word light markdown-new-styling\">\n<p data-start=\"89\" data-end=\"282\" data-is-last-node=\"\" data-is-only-node=\"\"><strong data-start=\"89\" data-end=\"282\" data-is-last-node=\"\">Support de refroidissement pour ordinateur portable avec ventilateur int\u00e9gr\u00e9. R\u00e9glable, ergonomique et robuste, il r\u00e9duit la surchauffe et am\u00e9liore votre confort d\u2019utilisation au quotidien.<\/strong><\/p>\n<\/div>\n<\/div>\n<\/div>\n<\/div>\n<div class=\"z-0 flex min-h-[46px] justify-start\"><\/div>\n<div class=\"mt-3 w-full empty:hidden\">\n<div class=\"text-center\"><\/div>\n<\/div>\n<\/div>\n<\/div>\n<\/section>\n<\/div>\n<div class=\"pointer-events-none h-px w-px absolute bottom-0\" aria-hidden=\"true\" data-edge=\"true\"><\/div>\n","protected":false},"featured_media":6574,"comment_status":"open","ping_status":"closed","template":"","meta":[],"product_brand":[115],"product_cat":[105],"product_tag":[],"class_list":{"0":"post-737","1":"product","2":"type-product","3":"status-publish","4":"has-post-thumbnail","6":"product_brand-huawei","7":"product_cat-support","9":"first","10":"instock","11":"sale","12":"featured","13":"shipping-taxable","14":"purchasable","15":"product-type-simple"},"_cost_price":"","_links":{"self":[{"href":"https:\/\/ackyshop.com\/index.php\/wp-json\/wp\/v2\/product\/737","targetHints":{"allow":["GET"]}}],"collection":[{"href":"https:\/\/ackyshop.com\/index.php\/wp-json\/wp\/v2\/product"}],"about":[{"href":"https:\/\/ackyshop.com\/index.php\/wp-json\/wp\/v2\/types\/product"}],"replies":[{"embeddable":true,"href":"https:\/\/ackyshop.com\/index.php\/wp-json\/wp\/v2\/comments?post=737"}],"wp:featuredmedia":[{"embeddable":true,"href":"https:\/\/ackyshop.com\/index.php\/wp-json\/wp\/v2\/media\/6574"}],"wp:attachment":[{"href":"https:\/\/ackyshop.com\/index.php\/wp-json\/wp\/v2\/media?parent=737"}],"wp:term":[{"taxonomy":"product_brand","embeddable":true,"href":"https:\/\/ackyshop.com\/index.php\/wp-json\/wp\/v2\/product_brand?post=737"},{"taxonomy":"product_cat","embeddable":true,"href":"https:\/\/ackyshop.com\/index.php\/wp-json\/wp\/v2\/product_cat?post=737"},{"taxonomy":"product_tag","embeddable":true,"href":"https:\/\/ackyshop.com\/index.php\/wp-json\/wp\/v2\/product_tag?post=737"}],"curies":[{"name":"wp","href":"https:\/\/api.w.org\/{rel}","templated":true}]}}