{"id":6740,"date":"2026-04-08T15:48:21","date_gmt":"2026-04-08T15:48:21","guid":{"rendered":"https:\/\/ackyshop.com\/?post_type=product&#038;p=6740"},"modified":"2026-04-08T15:48:21","modified_gmt":"2026-04-08T15:48:21","slug":"tablette-redmi-pad-2-256gb-ram-8gb","status":"publish","type":"product","link":"https:\/\/ackyshop.com\/index.php\/product\/tablette-redmi-pad-2-256gb-ram-8gb\/","title":{"rendered":"Tablette Redmi PAD 2 256gb ram 8gb"},"content":{"rendered":"<p>Tablette Redmi PAD 2 256gb ram 8gb<\/p>\n<ul>\n<li><strong>\u00c9cran :<\/strong>\u00a0\u00c9cran 11 pouces 2.5K (2560 x 1600) au format 16:10 \u2013 id\u00e9al pour les vid\u00e9os, jeux et lectures<\/li>\n<li><strong>Fr\u00e9quence :<\/strong>\u00a0Taux de rafra\u00eechissement de 90 Hz et luminosit\u00e9 jusqu\u2019\u00e0 600 nits \u2013 fluidit\u00e9 et confort visuel accrus<\/li>\n<li><strong>Processeur :<\/strong>\u00a0MediaTek Helio G100-Ultra Octo-Core 2.2 GHz \u2013 pour une navigation rapide et des performances fluides<\/li>\n<li><strong>M\u00e9moire :<\/strong>\u00a0RAM 8 Go + Stockage 256 Go \u2013 espace g\u00e9n\u00e9reux pour vos fichiers, photos, vid\u00e9os et applis<\/li>\n<li><strong>Syst\u00e8me :<\/strong>\u00a0Android 15 \u2013 interface intuitive et \u00e0 jour<\/li>\n<li><strong>Son :<\/strong>\u00a04 haut-parleurs st\u00e9r\u00e9o avec Dolby Atmos \u2013 son immersif et puissant<\/li>\n<li><strong>Connectivit\u00e9 :<\/strong>\u00a0Wi-Fi, Bluetooth 5.3, port USB-C<\/li>\n<li><strong>Cam\u00e9ra :<\/strong>\u00a0Webcam int\u00e9gr\u00e9e \u2013 id\u00e9ale pour les appels vid\u00e9o et visioconf\u00e9rences<\/li>\n<li><strong>Batterie :<\/strong>\u00a0Batterie longue dur\u00e9e de 9000 mAh \u2013 profitez d\u2019une grande autonomie pour vos activit\u00e9s quotidiennes<\/li>\n<li><strong>Coloris :<\/strong>\u00a0Gris \u00e9l\u00e9gant<\/li>\n<\/ul>\n","protected":false},"excerpt":{"rendered":"<p>D\u00e9couvrez la Redmi Pad 2 4G \u00e0 Dakar : \u00e9cran 11\u2033 2.5K, RAM 4 Go, 128 Go, processeur Helio G100, 4G LTE, son Dolby Atmos, batterie 9000 mAh. Id\u00e9ale pour multim\u00e9dia et productivit\u00e9.<\/p>\n","protected":false},"featured_media":6743,"comment_status":"open","ping_status":"closed","template":"","meta":[],"product_brand":[152],"product_cat":[151],"product_tag":[],"class_list":{"0":"post-6740","1":"product","2":"type-product","3":"status-publish","4":"has-post-thumbnail","6":"product_brand-xiaomi","7":"product_cat-tablette","9":"first","10":"instock","11":"shipping-taxable","12":"purchasable","13":"product-type-simple"},"_cost_price":"","_links":{"self":[{"href":"https:\/\/ackyshop.com\/index.php\/wp-json\/wp\/v2\/product\/6740","targetHints":{"allow":["GET"]}}],"collection":[{"href":"https:\/\/ackyshop.com\/index.php\/wp-json\/wp\/v2\/product"}],"about":[{"href":"https:\/\/ackyshop.com\/index.php\/wp-json\/wp\/v2\/types\/product"}],"replies":[{"embeddable":true,"href":"https:\/\/ackyshop.com\/index.php\/wp-json\/wp\/v2\/comments?post=6740"}],"wp:featuredmedia":[{"embeddable":true,"href":"https:\/\/ackyshop.com\/index.php\/wp-json\/wp\/v2\/media\/6743"}],"wp:attachment":[{"href":"https:\/\/ackyshop.com\/index.php\/wp-json\/wp\/v2\/media?parent=6740"}],"wp:term":[{"taxonomy":"product_brand","embeddable":true,"href":"https:\/\/ackyshop.com\/index.php\/wp-json\/wp\/v2\/product_brand?post=6740"},{"taxonomy":"product_cat","embeddable":true,"href":"https:\/\/ackyshop.com\/index.php\/wp-json\/wp\/v2\/product_cat?post=6740"},{"taxonomy":"product_tag","embeddable":true,"href":"https:\/\/ackyshop.com\/index.php\/wp-json\/wp\/v2\/product_tag?post=6740"}],"curies":[{"name":"wp","href":"https:\/\/api.w.org\/{rel}","templated":true}]}}