{"id":6732,"date":"2026-04-08T15:26:27","date_gmt":"2026-04-08T15:26:27","guid":{"rendered":"https:\/\/ackyshop.com\/?post_type=product&#038;p=6732"},"modified":"2026-04-08T15:26:27","modified_gmt":"2026-04-08T15:26:27","slug":"itel-a06-64-go-ram-4-go","status":"publish","type":"product","link":"https:\/\/ackyshop.com\/index.php\/product\/itel-a06-64-go-ram-4-go\/","title":{"rendered":"ITEL A06 \u2013 64 Go \u2013 RAM 4 Go"},"content":{"rendered":"<h2 data-start=\"910\" data-end=\"954\">ITEL A06 64 Go disponible \u00e0 Dakar S\u00e9n\u00e9gal<\/h2>\n<p data-start=\"956\" data-end=\"1098\">Le\u00a0<strong data-start=\"959\" data-end=\"991\">ITEL A06 64 Go Dakar S\u00e9n\u00e9gal<\/strong>\u00a0est un smartphone pratique et abordable. Il offre de bonnes performances pour une utilisation quotidienne.<\/p>\n<h3 data-start=\"1100\" data-end=\"1134\">Pourquoi choisir le ITEL A06 ?<\/h3>\n<ul data-start=\"1136\" data-end=\"1254\">\n<li data-start=\"1136\" data-end=\"1160\">\n<p data-start=\"1138\" data-end=\"1160\">\u00c9cran 6.56 pouces HD<\/p>\n<\/li>\n<li data-start=\"1161\" data-end=\"1176\">\n<p data-start=\"1163\" data-end=\"1176\">4 Go de RAM<\/p>\n<\/li>\n<li data-start=\"1177\" data-end=\"1206\">\n<p data-start=\"1179\" data-end=\"1206\">64 Go de stockage interne<\/p>\n<\/li>\n<li data-start=\"1207\" data-end=\"1228\">\n<p data-start=\"1209\" data-end=\"1228\">Batterie 4000 mAh<\/p>\n<\/li>\n<li data-start=\"1229\" data-end=\"1254\">\n<p data-start=\"1231\" data-end=\"1254\">Android 14 Go Edition<\/p>\n<\/li>\n<\/ul>\n<h3 data-start=\"1256\" data-end=\"1284\">Performance et autonomie<\/h3>\n<p data-start=\"1286\" data-end=\"1452\">Gr\u00e2ce \u00e0 son processeur Quad-core, le ITEL A06 assure une navigation fluide. De plus, ses 4 Go de RAM permettent d\u2019utiliser plusieurs applications sans ralentissement.<\/p>\n<h3 data-start=\"1454\" data-end=\"1479\">Prix ITEL A06 \u00e0 Dakar<\/h3>\n<p data-start=\"1481\" data-end=\"1612\">Si vous recherchez un\u00a0<strong data-start=\"1503\" data-end=\"1527\">ITEL A06 64 Go Dakar<\/strong>, ce mod\u00e8le est disponible chez Nanding au prix de 35 000 FCFA avec livraison rapide.<\/p>\n","protected":false},"excerpt":{"rendered":"<p>Le Itel A06 \u2013 64 Go \u2013 RAM 4 Go est un smartphone con\u00e7u pour offrir une exp\u00e9rience fluide et pratique au quotidien. Gr\u00e2ce \u00e0 sa m\u00e9moire RAM de 4 Go, il permet une navigation rapide entre les applications, tandis que son stockage interne de 64 Go offre suffisamment d\u2019espace pour vos photos, vid\u00e9os, musiques et applications.<\/p>\n","protected":false},"featured_media":6734,"comment_status":"open","ping_status":"closed","template":"","meta":[],"product_brand":[149],"product_cat":[146],"product_tag":[],"class_list":{"0":"post-6732","1":"product","2":"type-product","3":"status-publish","4":"has-post-thumbnail","6":"product_brand-itel","7":"product_cat-smartphones","9":"first","10":"instock","11":"shipping-taxable","12":"purchasable","13":"product-type-simple"},"_cost_price":"","_links":{"self":[{"href":"https:\/\/ackyshop.com\/index.php\/wp-json\/wp\/v2\/product\/6732","targetHints":{"allow":["GET"]}}],"collection":[{"href":"https:\/\/ackyshop.com\/index.php\/wp-json\/wp\/v2\/product"}],"about":[{"href":"https:\/\/ackyshop.com\/index.php\/wp-json\/wp\/v2\/types\/product"}],"replies":[{"embeddable":true,"href":"https:\/\/ackyshop.com\/index.php\/wp-json\/wp\/v2\/comments?post=6732"}],"wp:featuredmedia":[{"embeddable":true,"href":"https:\/\/ackyshop.com\/index.php\/wp-json\/wp\/v2\/media\/6734"}],"wp:attachment":[{"href":"https:\/\/ackyshop.com\/index.php\/wp-json\/wp\/v2\/media?parent=6732"}],"wp:term":[{"taxonomy":"product_brand","embeddable":true,"href":"https:\/\/ackyshop.com\/index.php\/wp-json\/wp\/v2\/product_brand?post=6732"},{"taxonomy":"product_cat","embeddable":true,"href":"https:\/\/ackyshop.com\/index.php\/wp-json\/wp\/v2\/product_cat?post=6732"},{"taxonomy":"product_tag","embeddable":true,"href":"https:\/\/ackyshop.com\/index.php\/wp-json\/wp\/v2\/product_tag?post=6732"}],"curies":[{"name":"wp","href":"https:\/\/api.w.org\/{rel}","templated":true}]}}