{"id":6727,"date":"2026-04-08T15:22:47","date_gmt":"2026-04-08T15:22:47","guid":{"rendered":"https:\/\/ackyshop.com\/?post_type=product&#038;p=6727"},"modified":"2026-04-08T15:22:47","modified_gmt":"2026-04-08T15:22:47","slug":"itel-p65c-128go-ram-4go","status":"publish","type":"product","link":"https:\/\/ackyshop.com\/index.php\/product\/itel-p65c-128go-ram-4go\/","title":{"rendered":"Itel P65C 128Go- ram 4Go"},"content":{"rendered":"<p>Itel P65C 128Go- ram 4Go<\/p>\n<ul>\n<li data-start=\"49\" data-end=\"87\">\n<p data-start=\"51\" data-end=\"87\"><strong data-start=\"51\" data-end=\"65\">Dimensions<\/strong>\u00a0: 75 x 164 x 8.4 mm<\/p>\n<\/li>\n<\/ul>\n<ul>\n<li data-start=\"88\" data-end=\"109\">\n<p data-start=\"90\" data-end=\"109\"><strong data-start=\"90\" data-end=\"99\">Poids<\/strong>\u00a0: 190 g<\/p>\n<\/li>\n<li data-start=\"110\" data-end=\"141\">\n<p data-start=\"112\" data-end=\"141\"><strong data-start=\"112\" data-end=\"119\">SoC<\/strong>\u00a0: Unisoc Tiger T606<\/p>\n<\/li>\n<li data-start=\"142\" data-end=\"226\">\n<p data-start=\"144\" data-end=\"226\"><strong data-start=\"144\" data-end=\"158\">Processeur<\/strong>\u00a0: 8 c\u0153urs (2x 1.6 GHz ARM Cortex-A75 + 6x 1.6 GHz ARM Cortex-A55)<\/p>\n<\/li>\n<li data-start=\"227\" data-end=\"283\">\n<p data-start=\"229\" data-end=\"283\"><strong data-start=\"229\" data-end=\"253\">Processeur graphique<\/strong>\u00a0: ARM Mali-G57 MP1, 650 MHz<\/p>\n<\/li>\n<li data-start=\"284\" data-end=\"328\">\n<p data-start=\"286\" data-end=\"328\"><strong data-start=\"286\" data-end=\"308\">M\u00e9moire vive (RAM)<\/strong>\u00a0: 4 Go (1600 MHz)<\/p>\n<\/li>\n<li data-start=\"329\" data-end=\"361\">\n<p data-start=\"331\" data-end=\"361\"><strong data-start=\"331\" data-end=\"350\">M\u00e9moire interne<\/strong>\u00a0: 128 Go<\/p>\n<\/li>\n<li data-start=\"362\" data-end=\"419\">\n<p data-start=\"364\" data-end=\"419\"><strong data-start=\"364\" data-end=\"385\">Extension m\u00e9moire<\/strong>\u00a0: microSD, microSDHC, microSDXC<\/p>\n<\/li>\n<li data-start=\"420\" data-end=\"479\">\n<p data-start=\"422\" data-end=\"479\"><strong data-start=\"422\" data-end=\"431\">\u00c9cran<\/strong>\u00a0: 6.6 pouces, IPS, 720 x 1612 pixels, 24 bits<\/p>\n<\/li>\n<li data-start=\"480\" data-end=\"529\">\n<p data-start=\"482\" data-end=\"529\"><strong data-start=\"482\" data-end=\"494\">Batterie<\/strong>\u00a0: 5000 mAh, lithium-ion (Li-ion)<\/p>\n<\/li>\n<li data-start=\"530\" data-end=\"586\">\n<p data-start=\"532\" data-end=\"586\"><strong data-start=\"532\" data-end=\"558\">Syst\u00e8me d\u2019exploitation<\/strong>\u00a0: itel OS 14 (Android 14)<\/p>\n<\/li>\n<li data-start=\"587\" data-end=\"666\">\n<p data-start=\"589\" data-end=\"666\"><strong data-start=\"589\" data-end=\"599\">Cam\u00e9ra<\/strong>\u00a0: 4130 x 3120 pixels (photo), 1920 x 1080 pixels, 30 fps (vid\u00e9o)<\/p>\n<\/li>\n<li data-start=\"667\" data-end=\"695\">\n<p data-start=\"669\" data-end=\"695\"><strong data-start=\"669\" data-end=\"682\">Carte SIM<\/strong>\u00a0: Nano-SIM<\/p>\n<\/li>\n<li data-start=\"696\" data-end=\"778\">\n<p data-start=\"698\" data-end=\"778\"><strong data-start=\"698\" data-end=\"707\">Wi-Fi<\/strong>\u00a0: a\/b\/g\/n\/n 5GHz\/ac, Dual Band, Hotspot, Wi-Fi Direct, Wi-Fi Display<\/p>\n<\/li>\n<li data-start=\"779\" data-end=\"808\">\n<p data-start=\"781\" data-end=\"808\"><strong data-start=\"781\" data-end=\"788\">USB<\/strong>\u00a0: 2.0, USB Type-C<\/p>\n<\/li>\n<li data-start=\"809\" data-end=\"832\">\n<p data-start=\"811\" data-end=\"832\"><strong data-start=\"811\" data-end=\"824\">Bluetooth<\/strong>\u00a0: 5.0<\/p>\n<\/li>\n<li data-start=\"833\" data-end=\"910\">\n<p data-start=\"835\" data-end=\"910\"><strong data-start=\"835\" data-end=\"862\">Localisation\/Navigation<\/strong>\u00a0: GPS, A-GPS, GLONASS, BeiDou, Galileo, NaviC<\/p>\n<\/li>\n<\/ul>\n","protected":false},"excerpt":{"rendered":"<p>Le\u00a0<strong data-start=\"3\" data-end=\"16\">Itel P65C<\/strong>\u00a0est un smartphone moderne alliant performance et praticit\u00e9, id\u00e9al pour un usage quotidien. Avec une m\u00e9moire interne de\u00a0<strong data-start=\"136\" data-end=\"146\">128 Go<\/strong>, il offre un large espace de stockage pour vos applications, photos, vid\u00e9os et fichiers, tandis que sa\u00a0<strong data-start=\"250\" data-end=\"265\">RAM de 4 Go<\/strong>\u00a0assure une navigation fluide et rapide, m\u00eame en multit\u00e2che. Con\u00e7u pour r\u00e9pondre aux besoins essentiels, il combine puissance, design \u00e9l\u00e9gant et fiabilit\u00e9, faisant de lui un excellent choix pour ceux qui recherchent un t\u00e9l\u00e9phone performant \u00e0 prix abordable.<\/p>\n","protected":false},"featured_media":6729,"comment_status":"open","ping_status":"closed","template":"","meta":[],"product_brand":[149],"product_cat":[146],"product_tag":[],"class_list":{"0":"post-6727","1":"product","2":"type-product","3":"status-publish","4":"has-post-thumbnail","6":"product_brand-itel","7":"product_cat-smartphones","9":"first","10":"instock","11":"shipping-taxable","12":"purchasable","13":"product-type-simple"},"_cost_price":"","_links":{"self":[{"href":"https:\/\/ackyshop.com\/index.php\/wp-json\/wp\/v2\/product\/6727","targetHints":{"allow":["GET"]}}],"collection":[{"href":"https:\/\/ackyshop.com\/index.php\/wp-json\/wp\/v2\/product"}],"about":[{"href":"https:\/\/ackyshop.com\/index.php\/wp-json\/wp\/v2\/types\/product"}],"replies":[{"embeddable":true,"href":"https:\/\/ackyshop.com\/index.php\/wp-json\/wp\/v2\/comments?post=6727"}],"wp:featuredmedia":[{"embeddable":true,"href":"https:\/\/ackyshop.com\/index.php\/wp-json\/wp\/v2\/media\/6729"}],"wp:attachment":[{"href":"https:\/\/ackyshop.com\/index.php\/wp-json\/wp\/v2\/media?parent=6727"}],"wp:term":[{"taxonomy":"product_brand","embeddable":true,"href":"https:\/\/ackyshop.com\/index.php\/wp-json\/wp\/v2\/product_brand?post=6727"},{"taxonomy":"product_cat","embeddable":true,"href":"https:\/\/ackyshop.com\/index.php\/wp-json\/wp\/v2\/product_cat?post=6727"},{"taxonomy":"product_tag","embeddable":true,"href":"https:\/\/ackyshop.com\/index.php\/wp-json\/wp\/v2\/product_tag?post=6727"}],"curies":[{"name":"wp","href":"https:\/\/api.w.org\/{rel}","templated":true}]}}