{"id":6723,"date":"2026-04-08T15:15:57","date_gmt":"2026-04-08T15:15:57","guid":{"rendered":"https:\/\/ackyshop.com\/?post_type=product&#038;p=6723"},"modified":"2026-04-08T15:15:58","modified_gmt":"2026-04-08T15:15:58","slug":"itel-a90-64go-ram-3go","status":"publish","type":"product","link":"https:\/\/ackyshop.com\/index.php\/product\/itel-a90-64go-ram-3go\/","title":{"rendered":"Itel A90 64Go- Ram 3Go"},"content":{"rendered":"<p>Itel A90 64Go- Ram 3Go<\/p>\n<ul data-start=\"563\" data-end=\"1151\">\n<li data-start=\"563\" data-end=\"593\">\n<p data-start=\"565\" data-end=\"593\"><strong data-start=\"565\" data-end=\"574\">\u00c9cran<\/strong>\u00a0: 6,6 pouces HD+<\/p>\n<\/li>\n<li data-start=\"594\" data-end=\"652\">\n<p data-start=\"596\" data-end=\"652\"><strong data-start=\"596\" data-end=\"616\">Stockage interne<\/strong>\u00a0: 128 Go (extensible via microSD)<\/p>\n<\/li>\n<li data-start=\"653\" data-end=\"679\">\n<p data-start=\"655\" data-end=\"679\"><strong data-start=\"655\" data-end=\"670\">M\u00e9moire RAM<\/strong>\u00a0: 3 Go<\/p>\n<\/li>\n<li data-start=\"680\" data-end=\"710\">\n<p data-start=\"682\" data-end=\"710\"><strong data-start=\"682\" data-end=\"696\">Processeur<\/strong>\u00a0: Quad-Core<\/p>\n<\/li>\n<li data-start=\"711\" data-end=\"789\">\n<p data-start=\"713\" data-end=\"789\"><strong data-start=\"713\" data-end=\"739\">Appareil photo arri\u00e8re<\/strong>\u00a0: Double capteur avec intelligence artificielle<\/p>\n<\/li>\n<li data-start=\"790\" data-end=\"827\">\n<p data-start=\"792\" data-end=\"827\"><strong data-start=\"792\" data-end=\"818\">Appareil photo frontal<\/strong>\u00a0: 8 MP<\/p>\n<\/li>\n<li data-start=\"828\" data-end=\"868\">\n<p data-start=\"830\" data-end=\"868\"><strong data-start=\"830\" data-end=\"842\">Batterie<\/strong>\u00a0: 5000 mAh longue dur\u00e9e<\/p>\n<\/li>\n<li data-start=\"869\" data-end=\"918\">\n<p data-start=\"871\" data-end=\"918\"><strong data-start=\"871\" data-end=\"882\">Syst\u00e8me<\/strong>\u00a0: Android\u2122 (\u00e9dition Go optimis\u00e9e)<\/p>\n<\/li>\n<li data-start=\"919\" data-end=\"989\">\n<p data-start=\"921\" data-end=\"989\"><strong data-start=\"921\" data-end=\"939\">D\u00e9verrouillage<\/strong>\u00a0: Reconnaissance faciale + capteur d\u2019empreintes<\/p>\n<\/li>\n<li data-start=\"990\" data-end=\"1042\">\n<p data-start=\"992\" data-end=\"1042\"><strong data-start=\"992\" data-end=\"1008\">Connectivit\u00e9<\/strong>\u00a0: 4G LTE, Wi-Fi, Bluetooth, USB<\/p>\n<\/li>\n<li data-start=\"1043\" data-end=\"1083\">\n<p data-start=\"1045\" data-end=\"1083\"><strong data-start=\"1045\" data-end=\"1055\">Design<\/strong>\u00a0: Moderne, fin et \u00e9l\u00e9gant<\/p>\n<\/li>\n<li data-start=\"1084\" data-end=\"1151\">\n<p data-start=\"1086\" data-end=\"1151\"><strong data-start=\"1086\" data-end=\"1110\">Couleurs disponibles<\/strong>\u00a0: Bleu, Noir, Vert (selon disponibilit\u00e9)<\/p>\n<\/li>\n<\/ul>\n","protected":false},"excerpt":{"rendered":"<p>Le\u00a0<strong data-start=\"3\" data-end=\"15\">Itel A90<\/strong>\u00a0est un smartphone \u00e9l\u00e9gant et pratique con\u00e7u pour r\u00e9pondre aux besoins quotidiens. Avec une m\u00e9moire interne de\u00a0<strong data-start=\"126\" data-end=\"135\">64 Go<\/strong>, extensible par carte m\u00e9moire, et une\u00a0<strong data-start=\"174\" data-end=\"189\">RAM de 3 Go<\/strong>, il offre une fluidit\u00e9 appr\u00e9ciable pour naviguer sur internet, utiliser vos applications pr\u00e9f\u00e9r\u00e9es et stocker photos, vid\u00e9os ou fichiers. Son design moderne, combin\u00e9 \u00e0 des performances fiables, en fait un t\u00e9l\u00e9phone adapt\u00e9 aussi bien pour les appels, la messagerie que pour le divertissement. Id\u00e9al pour ceux qui recherchent un appareil abordable, polyvalent et efficace au quotidien.<\/p>\n","protected":false},"featured_media":6726,"comment_status":"open","ping_status":"closed","template":"","meta":[],"product_brand":[149],"product_cat":[146],"product_tag":[],"class_list":{"0":"post-6723","1":"product","2":"type-product","3":"status-publish","4":"has-post-thumbnail","6":"product_brand-itel","7":"product_cat-smartphones","9":"first","10":"instock","11":"shipping-taxable","12":"purchasable","13":"product-type-simple"},"_cost_price":"","_links":{"self":[{"href":"https:\/\/ackyshop.com\/index.php\/wp-json\/wp\/v2\/product\/6723","targetHints":{"allow":["GET"]}}],"collection":[{"href":"https:\/\/ackyshop.com\/index.php\/wp-json\/wp\/v2\/product"}],"about":[{"href":"https:\/\/ackyshop.com\/index.php\/wp-json\/wp\/v2\/types\/product"}],"replies":[{"embeddable":true,"href":"https:\/\/ackyshop.com\/index.php\/wp-json\/wp\/v2\/comments?post=6723"}],"wp:featuredmedia":[{"embeddable":true,"href":"https:\/\/ackyshop.com\/index.php\/wp-json\/wp\/v2\/media\/6726"}],"wp:attachment":[{"href":"https:\/\/ackyshop.com\/index.php\/wp-json\/wp\/v2\/media?parent=6723"}],"wp:term":[{"taxonomy":"product_brand","embeddable":true,"href":"https:\/\/ackyshop.com\/index.php\/wp-json\/wp\/v2\/product_brand?post=6723"},{"taxonomy":"product_cat","embeddable":true,"href":"https:\/\/ackyshop.com\/index.php\/wp-json\/wp\/v2\/product_cat?post=6723"},{"taxonomy":"product_tag","embeddable":true,"href":"https:\/\/ackyshop.com\/index.php\/wp-json\/wp\/v2\/product_tag?post=6723"}],"curies":[{"name":"wp","href":"https:\/\/api.w.org\/{rel}","templated":true}]}}