{"id":6718,"date":"2026-04-08T15:10:49","date_gmt":"2026-04-08T15:10:49","guid":{"rendered":"https:\/\/ackyshop.com\/?post_type=product&#038;p=6718"},"modified":"2026-04-08T15:11:55","modified_gmt":"2026-04-08T15:11:55","slug":"itel-a90-128go-ram-4go","status":"publish","type":"product","link":"https:\/\/ackyshop.com\/index.php\/product\/itel-a90-128go-ram-4go\/","title":{"rendered":"Itel A90 128Go- Ram 4Go"},"content":{"rendered":"<p>Itel A90 128Go- Ram 4 Go<\/p>\n<ul data-start=\"563\" data-end=\"1151\">\n<li data-start=\"563\" data-end=\"593\">\n<p data-start=\"565\" data-end=\"593\"><strong data-start=\"565\" data-end=\"574\">\u00c9cran<\/strong>\u00a0: 6,6 pouces HD+<\/p>\n<\/li>\n<li data-start=\"594\" data-end=\"652\">\n<p data-start=\"596\" data-end=\"652\"><strong data-start=\"596\" data-end=\"616\">Stockage interne<\/strong>\u00a0: 128 Go<\/p>\n<\/li>\n<li data-start=\"653\" data-end=\"679\">\n<p data-start=\"655\" data-end=\"679\"><strong data-start=\"655\" data-end=\"670\">M\u00e9moire RAM<\/strong>\u00a0: 4 Go<\/p>\n<\/li>\n<li data-start=\"711\" data-end=\"789\">\n<p data-start=\"713\" data-end=\"789\"><strong data-start=\"713\" data-end=\"739\">Appareil photo arri\u00e8re<\/strong>\u00a0: Double capteur avec intelligence artificielle<\/p>\n<\/li>\n<li data-start=\"790\" data-end=\"827\">\n<p data-start=\"792\" data-end=\"827\"><strong data-start=\"792\" data-end=\"818\">Appareil photo frontal<\/strong>\u00a0: 8 MP<\/p>\n<\/li>\n<li data-start=\"828\" data-end=\"868\">\n<p data-start=\"830\" data-end=\"868\"><strong data-start=\"830\" data-end=\"842\">Batterie<\/strong>\u00a0: 5000 mAh longue dur\u00e9e<\/p>\n<\/li>\n<li data-start=\"869\" data-end=\"918\">\n<p data-start=\"871\" data-end=\"918\"><strong data-start=\"871\" data-end=\"882\">Syst\u00e8me<\/strong>\u00a0: Android\u2122<\/p>\n<\/li>\n<li data-start=\"919\" data-end=\"989\">\n<p data-start=\"921\" data-end=\"989\"><strong data-start=\"921\" data-end=\"939\">D\u00e9verrouillage<\/strong>\u00a0: Reconnaissance faciale + capteur d\u2019empreintes<\/p>\n<\/li>\n<li data-start=\"990\" data-end=\"1042\">\n<p data-start=\"992\" data-end=\"1042\"><strong data-start=\"992\" data-end=\"1008\">Connectivit\u00e9<\/strong>\u00a0: 4G LTE, Wi-Fi, Bluetooth, USB<\/p>\n<\/li>\n<li data-start=\"1043\" data-end=\"1083\">\n<p data-start=\"1045\" data-end=\"1083\"><strong data-start=\"1045\" data-end=\"1055\">Design<\/strong>\u00a0: Moderne, fin et \u00e9l\u00e9gant<\/p>\n<\/li>\n<\/ul>\n","protected":false},"excerpt":{"rendered":"<p>Le\u00a0<strong data-start=\"3\" data-end=\"15\">Itel A90<\/strong>\u00a0est un smartphone moderne qui allie performance et praticit\u00e9. Dot\u00e9 d\u2019une m\u00e9moire interne de\u00a0<strong data-start=\"108\" data-end=\"118\">128 Go<\/strong>, il offre un espace de stockage g\u00e9n\u00e9reux pour vos applications, photos, vid\u00e9os et fichiers. Avec ses\u00a0<strong data-start=\"220\" data-end=\"235\">4 Go de RAM<\/strong>, il assure une fluidit\u00e9 optimale dans l\u2019utilisation quotidienne, que ce soit pour naviguer sur internet, utiliser les r\u00e9seaux sociaux ou profiter de vos divertissements. \u00c9l\u00e9gant et ergonomique, l\u2019Itel A90 constitue un choix id\u00e9al pour ceux qui recherchent un t\u00e9l\u00e9phone fiable, performant et adapt\u00e9 \u00e0 leurs besoins.<\/p>\n","protected":false},"featured_media":6722,"comment_status":"open","ping_status":"closed","template":"","meta":[],"product_brand":[149],"product_cat":[146],"product_tag":[],"class_list":{"0":"post-6718","1":"product","2":"type-product","3":"status-publish","4":"has-post-thumbnail","6":"product_brand-itel","7":"product_cat-smartphones","9":"first","10":"instock","11":"shipping-taxable","12":"purchasable","13":"product-type-simple"},"_cost_price":"","_links":{"self":[{"href":"https:\/\/ackyshop.com\/index.php\/wp-json\/wp\/v2\/product\/6718","targetHints":{"allow":["GET"]}}],"collection":[{"href":"https:\/\/ackyshop.com\/index.php\/wp-json\/wp\/v2\/product"}],"about":[{"href":"https:\/\/ackyshop.com\/index.php\/wp-json\/wp\/v2\/types\/product"}],"replies":[{"embeddable":true,"href":"https:\/\/ackyshop.com\/index.php\/wp-json\/wp\/v2\/comments?post=6718"}],"wp:featuredmedia":[{"embeddable":true,"href":"https:\/\/ackyshop.com\/index.php\/wp-json\/wp\/v2\/media\/6722"}],"wp:attachment":[{"href":"https:\/\/ackyshop.com\/index.php\/wp-json\/wp\/v2\/media?parent=6718"}],"wp:term":[{"taxonomy":"product_brand","embeddable":true,"href":"https:\/\/ackyshop.com\/index.php\/wp-json\/wp\/v2\/product_brand?post=6718"},{"taxonomy":"product_cat","embeddable":true,"href":"https:\/\/ackyshop.com\/index.php\/wp-json\/wp\/v2\/product_cat?post=6718"},{"taxonomy":"product_tag","embeddable":true,"href":"https:\/\/ackyshop.com\/index.php\/wp-json\/wp\/v2\/product_tag?post=6718"}],"curies":[{"name":"wp","href":"https:\/\/api.w.org\/{rel}","templated":true}]}}