{"id":6707,"date":"2026-04-08T12:17:48","date_gmt":"2026-04-08T12:17:48","guid":{"rendered":"https:\/\/ackyshop.com\/?post_type=product&#038;p=6707"},"modified":"2026-04-08T12:17:48","modified_gmt":"2026-04-08T12:17:48","slug":"tecno-camon-40-256-go-ram-8-go-ecran-6-78-pouces","status":"publish","type":"product","link":"https:\/\/ackyshop.com\/index.php\/product\/tecno-camon-40-256-go-ram-8-go-ecran-6-78-pouces\/","title":{"rendered":"TECNO CAMON 40 \u2013 256 Go \u2013 RAM 8 Go \u2013 Ecran 6.78 pouces"},"content":{"rendered":"<p>D\u00e9couvrez le TECNO CAMON 40, un smartphone alliant puissance, \u00e9l\u00e9gance et innovation. Avec son design raffin\u00e9 d\u00e9clin\u00e9 en plusieurs couleurs tendance (Noir galaxie, Vert \u00c9meraude Lumineux, Blanc glacier, Vert lac \u00c9meraude), il saura vous s\u00e9duire au premier regard.<\/p>\n<ul>\n<li><strong>\u00c9cran :<\/strong>\u00a0AMOLED 6,78\u2033 avec taux de rafra\u00eechissement de 120 Hz pour une fluidit\u00e9 exceptionnelle<\/li>\n<li><strong>Appareil photo :<\/strong>\u00a0Cam\u00e9ra arri\u00e8re 50 MP avec OIS + 8 MP grand angle &amp; double flash \/ Cam\u00e9ra frontale 32 MP pour des selfies lumineux<\/li>\n<li><strong>Performance :<\/strong>\u00a0Processeur MediaTek Helio G100 coupl\u00e9 \u00e0 8 Go de RAM et 256 Go de stockage<\/li>\n<li><strong>Batterie :<\/strong>\u00a05200 mAh avec Super Charge 45W pour une autonomie prolong\u00e9e<\/li>\n<li><strong>Syst\u00e8me :<\/strong>\u00a0Android 15 pour une exp\u00e9rience fluide et moderne<\/li>\n<li><strong>Audio :<\/strong>\u00a0Double haut-parleurs avec Dolby Atmos pour un son immersif<\/li>\n<li><strong>Connectivit\u00e9 :<\/strong>\u00a0Wi-Fi, Bluetooth, NFC, GPS, FM, Port Type-C, OTG<\/li>\n<li><strong>Capteurs :<\/strong>\u00a0Boussole \u00e9lectronique, capteurs de lumi\u00e8re, proximit\u00e9, g\u00e9omagn\u00e9tique, A+G, contr\u00f4le infrarouge<\/li>\n<li><strong>Garantie :<\/strong>\u00a012 mois SAV Tecno<\/li>\n<\/ul>\n<p>Un smartphone complet et \u00e9l\u00e9gant, parfait pour tous les usages du quotidien.<\/p>\n","protected":false},"excerpt":{"rendered":"<p>Achetez le TECNO CAMON 40 avec \u00e9cran AMOLED 120 Hz, cam\u00e9ra 50 MP, batterie 5200 mAh et Android 15. Disponible \u00e0 Dakar au meilleur prix !<\/p>\n","protected":false},"featured_media":6711,"comment_status":"open","ping_status":"closed","template":"","meta":[],"product_brand":[147],"product_cat":[146],"product_tag":[],"class_list":{"0":"post-6707","1":"product","2":"type-product","3":"status-publish","4":"has-post-thumbnail","6":"product_brand-tecno","7":"product_cat-smartphones","9":"first","10":"instock","11":"shipping-taxable","12":"purchasable","13":"product-type-simple"},"_cost_price":"","_links":{"self":[{"href":"https:\/\/ackyshop.com\/index.php\/wp-json\/wp\/v2\/product\/6707","targetHints":{"allow":["GET"]}}],"collection":[{"href":"https:\/\/ackyshop.com\/index.php\/wp-json\/wp\/v2\/product"}],"about":[{"href":"https:\/\/ackyshop.com\/index.php\/wp-json\/wp\/v2\/types\/product"}],"replies":[{"embeddable":true,"href":"https:\/\/ackyshop.com\/index.php\/wp-json\/wp\/v2\/comments?post=6707"}],"wp:featuredmedia":[{"embeddable":true,"href":"https:\/\/ackyshop.com\/index.php\/wp-json\/wp\/v2\/media\/6711"}],"wp:attachment":[{"href":"https:\/\/ackyshop.com\/index.php\/wp-json\/wp\/v2\/media?parent=6707"}],"wp:term":[{"taxonomy":"product_brand","embeddable":true,"href":"https:\/\/ackyshop.com\/index.php\/wp-json\/wp\/v2\/product_brand?post=6707"},{"taxonomy":"product_cat","embeddable":true,"href":"https:\/\/ackyshop.com\/index.php\/wp-json\/wp\/v2\/product_cat?post=6707"},{"taxonomy":"product_tag","embeddable":true,"href":"https:\/\/ackyshop.com\/index.php\/wp-json\/wp\/v2\/product_tag?post=6707"}],"curies":[{"name":"wp","href":"https:\/\/api.w.org\/{rel}","templated":true}]}}