{"id":6702,"date":"2026-04-08T12:09:14","date_gmt":"2026-04-08T12:09:14","guid":{"rendered":"https:\/\/ackyshop.com\/?post_type=product&#038;p=6702"},"modified":"2026-04-08T12:09:14","modified_gmt":"2026-04-08T12:09:14","slug":"tecno-pop-10-64gb-ram-3","status":"publish","type":"product","link":"https:\/\/ackyshop.com\/index.php\/product\/tecno-pop-10-64gb-ram-3\/","title":{"rendered":"Tecno Pop 10 64GB RAM 3"},"content":{"rendered":"<p>Tecno Pop 10 64GB RAM 3<\/p>\n<ul>\n<li data-start=\"39\" data-end=\"116\">\n<p data-start=\"41\" data-end=\"116\"><strong data-start=\"41\" data-end=\"50\">\u00c9cran<\/strong>\u00a0: 6,67 pouces HD avec taux de rafra\u00eechissement fluide de 120 Hz<\/p>\n<\/li>\n<li data-start=\"117\" data-end=\"197\">\n<p data-start=\"119\" data-end=\"197\"><strong data-start=\"119\" data-end=\"131\">Stockage<\/strong>\u00a0: 64 Go internes pour toutes vos photos, vid\u00e9os et applications<\/p>\n<\/li>\n<li data-start=\"198\" data-end=\"264\">\n<p data-start=\"200\" data-end=\"264\"><strong data-start=\"200\" data-end=\"215\">M\u00e9moire RAM<\/strong>\u00a0: 3 Go pour une navigation fluide au quotidien<\/p>\n<\/li>\n<li data-start=\"265\" data-end=\"320\">\n<p data-start=\"267\" data-end=\"320\"><strong data-start=\"267\" data-end=\"281\">Processeur<\/strong>\u00a0: MediaTek Dimensity 7025 performant<\/p>\n<\/li>\n<li data-start=\"321\" data-end=\"396\">\n<p data-start=\"323\" data-end=\"396\"><strong data-start=\"323\" data-end=\"334\">Cam\u00e9ras<\/strong>\u00a0: 50 MP \u00e0 l\u2019arri\u00e8re et 8 MP \u00e0 l\u2019avant pour des selfies nets<\/p>\n<\/li>\n<li data-start=\"397\" data-end=\"455\">\n<p data-start=\"399\" data-end=\"455\"><strong data-start=\"399\" data-end=\"411\">Batterie<\/strong>\u00a0: 5100 mAh avec recharge rapide via USB-C<\/p>\n<\/li>\n<li data-start=\"456\" data-end=\"513\">\n<p data-start=\"458\" data-end=\"513\"><strong data-start=\"458\" data-end=\"474\">Connectivit\u00e9<\/strong>\u00a0: 4G, Wi-Fi, Bluetooth, NFC, USB OTG<\/p>\n<\/li>\n<li data-start=\"514\" data-end=\"594\">\n<p data-start=\"516\" data-end=\"594\"><strong data-start=\"516\" data-end=\"528\">S\u00e9curit\u00e9<\/strong>\u00a0: Capteur d\u2019empreinte digitale lat\u00e9ral + reconnaissance faciale<\/p>\n<\/li>\n<li data-start=\"595\" data-end=\"665\" data-is-last-node=\"\">\n<p data-start=\"597\" data-end=\"665\" data-is-last-node=\"\"><strong data-start=\"597\" data-end=\"608\">Syst\u00e8me<\/strong>\u00a0: Android 15 Go Edition avec interface HiOS 14 intuitive<\/p>\n<\/li>\n<\/ul>\n","protected":false},"excerpt":{"rendered":"<div class=\"elementor-element elementor-element-2908840 elementor-widget elementor-widget-porto_cp_excerpt\" data-id=\"2908840\" data-element_type=\"widget\" data-e-type=\"widget\" data-widget_type=\"porto_cp_excerpt.default\">\n<div class=\"description woocommerce-product-details__short-description\">\n<p>Le\u00a0<strong data-start=\"3\" data-end=\"19\">Tecno Pop 10<\/strong>\u00a0est un smartphone \u00e9l\u00e9gant et abordable, con\u00e7u pour offrir une exp\u00e9rience mobile fluide au quotidien. Dot\u00e9 de\u00a0<strong data-start=\"129\" data-end=\"150\">64 Go de stockage<\/strong>\u00a0et de\u00a0<strong data-start=\"157\" data-end=\"172\">3 Go de RAM<\/strong>, il permet de naviguer, de stocker des applications et des photos avec aisance. Son design moderne est compl\u00e9t\u00e9 par un \u00e9cran lumineux, id\u00e9al pour la navigation, les vid\u00e9os ou les r\u00e9seaux sociaux. \u00c9quip\u00e9 d\u2019un appareil photo performant pour capturer vos moments, le Tecno Pop 10 assure \u00e9galement une bonne autonomie gr\u00e2ce \u00e0 sa batterie optimis\u00e9e. Un choix pratique pour ceux qui recherchent un t\u00e9l\u00e9phone fiable \u00e0 petit prix.<\/p>\n<\/div>\n<\/div>\n","protected":false},"featured_media":6704,"comment_status":"open","ping_status":"closed","template":"","meta":[],"product_brand":[147],"product_cat":[146],"product_tag":[],"class_list":{"0":"post-6702","1":"product","2":"type-product","3":"status-publish","4":"has-post-thumbnail","6":"product_brand-tecno","7":"product_cat-smartphones","9":"first","10":"instock","11":"shipping-taxable","12":"purchasable","13":"product-type-simple"},"_cost_price":"","_links":{"self":[{"href":"https:\/\/ackyshop.com\/index.php\/wp-json\/wp\/v2\/product\/6702","targetHints":{"allow":["GET"]}}],"collection":[{"href":"https:\/\/ackyshop.com\/index.php\/wp-json\/wp\/v2\/product"}],"about":[{"href":"https:\/\/ackyshop.com\/index.php\/wp-json\/wp\/v2\/types\/product"}],"replies":[{"embeddable":true,"href":"https:\/\/ackyshop.com\/index.php\/wp-json\/wp\/v2\/comments?post=6702"}],"wp:featuredmedia":[{"embeddable":true,"href":"https:\/\/ackyshop.com\/index.php\/wp-json\/wp\/v2\/media\/6704"}],"wp:attachment":[{"href":"https:\/\/ackyshop.com\/index.php\/wp-json\/wp\/v2\/media?parent=6702"}],"wp:term":[{"taxonomy":"product_brand","embeddable":true,"href":"https:\/\/ackyshop.com\/index.php\/wp-json\/wp\/v2\/product_brand?post=6702"},{"taxonomy":"product_cat","embeddable":true,"href":"https:\/\/ackyshop.com\/index.php\/wp-json\/wp\/v2\/product_cat?post=6702"},{"taxonomy":"product_tag","embeddable":true,"href":"https:\/\/ackyshop.com\/index.php\/wp-json\/wp\/v2\/product_tag?post=6702"}],"curies":[{"name":"wp","href":"https:\/\/api.w.org\/{rel}","templated":true}]}}