{"id":6662,"date":"2026-04-08T10:25:35","date_gmt":"2026-04-08T10:25:35","guid":{"rendered":"https:\/\/ackyshop.com\/?post_type=product&#038;p=6662"},"modified":"2026-04-08T11:09:02","modified_gmt":"2026-04-08T11:09:02","slug":"samsung-galaxy-a07-64gb-4gb-ram","status":"publish","type":"product","link":"https:\/\/ackyshop.com\/index.php\/product\/samsung-galaxy-a07-64gb-4gb-ram\/","title":{"rendered":"Samsung Galaxy A07 \u2013 64GB 4GB RAM"},"content":{"rendered":"<p>Le\u00a0<strong data-start=\"166\" data-end=\"191\">Samsung Galaxy A07 4G<\/strong>\u00a0est con\u00e7u pour offrir\u00a0<strong data-start=\"214\" data-end=\"250\">une exp\u00e9rience fluide et moderne<\/strong>, alliant performances, autonomie et design \u00e9l\u00e9gant. Id\u00e9al pour les utilisateurs recherchant un smartphone fiable au quotidien, il propose un\u00a0<strong data-start=\"392\" data-end=\"416\">grand \u00e9cran immersif<\/strong>, une\u00a0<strong data-start=\"422\" data-end=\"451\">double cam\u00e9ra performante<\/strong>\u00a0et une\u00a0<strong data-start=\"459\" data-end=\"484\">batterie longue dur\u00e9e<\/strong>.<\/p>\n","protected":false},"excerpt":{"rendered":"<p>Le\u00a0<strong data-start=\"166\" data-end=\"191\">Samsung Galaxy A07 4G<\/strong>\u00a0est con\u00e7u pour offrir\u00a0<strong data-start=\"214\" data-end=\"250\">une exp\u00e9rience fluide et moderne<\/strong>, alliant performances, autonomie et design \u00e9l\u00e9gant. Id\u00e9al pour les utilisateurs recherchant un smartphone fiable au quotidien, il propose un\u00a0<strong data-start=\"392\" data-end=\"416\">grand \u00e9cran immersif<\/strong>, une\u00a0<strong data-start=\"422\" data-end=\"451\">double cam\u00e9ra performante<\/strong>\u00a0et une\u00a0<strong data-start=\"459\" data-end=\"484\">batterie longue dur\u00e9e<\/strong>.<\/p>\n","protected":false},"featured_media":6667,"comment_status":"open","ping_status":"closed","template":"","meta":[],"product_brand":[125],"product_cat":[146],"product_tag":[],"class_list":{"0":"post-6662","1":"product","2":"type-product","3":"status-publish","4":"has-post-thumbnail","6":"product_brand-samsung","7":"product_cat-smartphones","9":"first","10":"instock","11":"shipping-taxable","12":"purchasable","13":"product-type-simple"},"_cost_price":"","_links":{"self":[{"href":"https:\/\/ackyshop.com\/index.php\/wp-json\/wp\/v2\/product\/6662","targetHints":{"allow":["GET"]}}],"collection":[{"href":"https:\/\/ackyshop.com\/index.php\/wp-json\/wp\/v2\/product"}],"about":[{"href":"https:\/\/ackyshop.com\/index.php\/wp-json\/wp\/v2\/types\/product"}],"replies":[{"embeddable":true,"href":"https:\/\/ackyshop.com\/index.php\/wp-json\/wp\/v2\/comments?post=6662"}],"wp:featuredmedia":[{"embeddable":true,"href":"https:\/\/ackyshop.com\/index.php\/wp-json\/wp\/v2\/media\/6667"}],"wp:attachment":[{"href":"https:\/\/ackyshop.com\/index.php\/wp-json\/wp\/v2\/media?parent=6662"}],"wp:term":[{"taxonomy":"product_brand","embeddable":true,"href":"https:\/\/ackyshop.com\/index.php\/wp-json\/wp\/v2\/product_brand?post=6662"},{"taxonomy":"product_cat","embeddable":true,"href":"https:\/\/ackyshop.com\/index.php\/wp-json\/wp\/v2\/product_cat?post=6662"},{"taxonomy":"product_tag","embeddable":true,"href":"https:\/\/ackyshop.com\/index.php\/wp-json\/wp\/v2\/product_tag?post=6662"}],"curies":[{"name":"wp","href":"https:\/\/api.w.org\/{rel}","templated":true}]}}