{"id":6657,"date":"2026-04-08T10:18:00","date_gmt":"2026-04-08T10:18:00","guid":{"rendered":"https:\/\/ackyshop.com\/?post_type=product&#038;p=6657"},"modified":"2026-04-08T11:09:32","modified_gmt":"2026-04-08T11:09:32","slug":"samsung-galaxy-a06-memoire-64-go-ram-4go-ecran-6-7-pouces","status":"publish","type":"product","link":"https:\/\/ackyshop.com\/index.php\/product\/samsung-galaxy-a06-memoire-64-go-ram-4go-ecran-6-7-pouces\/","title":{"rendered":"Samsung Galaxy A06 \u2013 M\u00e9moire 64 Go \u2013 RAM 4Go \u2013 Ecran 6.7 pouces"},"content":{"rendered":"<p>D\u00e9couvrez le Samsung Galaxy A06 avec \u00e9cran 6.7 pouces HD+, cam\u00e9ra 50 MP, 64 Go de stockage extensible, et une batterie longue dur\u00e9e de 5000 mAh. Un smartphone puissant pour toutes vos t\u00e2ches quotidiennes. Commandez d\u00e8s maintenant !<\/p>\n","protected":false},"excerpt":{"rendered":"<p>D\u00e9couvrez le Samsung Galaxy A06 avec \u00e9cran 6.7 pouces HD+, cam\u00e9ra 50 MP, 64 Go de stockage extensible, et une batterie longue dur\u00e9e de 5000 mAh. Un smartphone puissant pour toutes vos t\u00e2ches quotidiennes. Commandez d\u00e8s maintenant !<\/p>\n","protected":false},"featured_media":6659,"comment_status":"open","ping_status":"closed","template":"","meta":[],"product_brand":[125],"product_cat":[146],"product_tag":[],"class_list":{"0":"post-6657","1":"product","2":"type-product","3":"status-publish","4":"has-post-thumbnail","6":"product_brand-samsung","7":"product_cat-smartphones","9":"first","10":"instock","11":"shipping-taxable","12":"purchasable","13":"product-type-simple"},"_cost_price":"","_links":{"self":[{"href":"https:\/\/ackyshop.com\/index.php\/wp-json\/wp\/v2\/product\/6657","targetHints":{"allow":["GET"]}}],"collection":[{"href":"https:\/\/ackyshop.com\/index.php\/wp-json\/wp\/v2\/product"}],"about":[{"href":"https:\/\/ackyshop.com\/index.php\/wp-json\/wp\/v2\/types\/product"}],"replies":[{"embeddable":true,"href":"https:\/\/ackyshop.com\/index.php\/wp-json\/wp\/v2\/comments?post=6657"}],"wp:featuredmedia":[{"embeddable":true,"href":"https:\/\/ackyshop.com\/index.php\/wp-json\/wp\/v2\/media\/6659"}],"wp:attachment":[{"href":"https:\/\/ackyshop.com\/index.php\/wp-json\/wp\/v2\/media?parent=6657"}],"wp:term":[{"taxonomy":"product_brand","embeddable":true,"href":"https:\/\/ackyshop.com\/index.php\/wp-json\/wp\/v2\/product_brand?post=6657"},{"taxonomy":"product_cat","embeddable":true,"href":"https:\/\/ackyshop.com\/index.php\/wp-json\/wp\/v2\/product_cat?post=6657"},{"taxonomy":"product_tag","embeddable":true,"href":"https:\/\/ackyshop.com\/index.php\/wp-json\/wp\/v2\/product_tag?post=6657"}],"curies":[{"name":"wp","href":"https:\/\/api.w.org\/{rel}","templated":true}]}}