{"id":6652,"date":"2026-04-08T10:08:07","date_gmt":"2026-04-08T10:08:07","guid":{"rendered":"https:\/\/ackyshop.com\/?post_type=product&#038;p=6652"},"modified":"2026-04-08T11:06:25","modified_gmt":"2026-04-08T11:06:25","slug":"samsung-galaxy-a16-128-go-ram-4-go-ecran-6-7-pouces","status":"publish","type":"product","link":"https:\/\/ackyshop.com\/index.php\/product\/samsung-galaxy-a16-128-go-ram-4-go-ecran-6-7-pouces\/","title":{"rendered":"Samsung Galaxy A16 128 Go \u2013 RAM 4 Go \u2013 Ecran 6.7 pouces"},"content":{"rendered":"<p><b>\u00c9cran :<\/b><\/p>\n<ul>\n<li>Type : Super AMOLED<\/li>\n<li>Taille : 6,7 pouces (rectangle complet), 6,5 pouces (bords arrondis)<\/li>\n<li>R\u00e9solution : FHD+ (1080 x 2340 pixels)<\/li>\n<li>Couleurs : 16M<\/li>\n<\/ul>\n<p><b>Processeur :<\/b><\/p>\n<ul>\n<li>Type : Octa-Core<\/li>\n<li>Cadence : 2.2 GHz + 2 GHz<\/li>\n<\/ul>\n<p><b>M\u00e9moire et stockage :<\/b><\/p>\n<ul>\n<li>RAM : 4 Go<\/li>\n<li>Stockage interne : 128 Go<\/li>\n<li>Extension : MicroSD jusqu\u2019\u00e0 1,5 To<b>Cam\u00e9ra arri\u00e8re :<\/b>\n<ul>\n<li>R\u00e9solution : 50 MP (f\/1.8) + 5 MP (f\/2.2) + 2 MP (f\/2.4)<\/li>\n<li>Autofocus : Oui<\/li>\n<li>Zoom : Zoom digital jusqu\u2019\u00e0 10x<\/li>\n<li>Flash : Oui<\/li>\n<li>Enregistrement vid\u00e9o : Full HD (1920 x 1080) @30 fps, ralenti 120 fps @HD<\/li>\n<\/ul>\n<p><b>Cam\u00e9ra avant :<\/b><\/p>\n<ul>\n<li>R\u00e9solution : 13 MP (f\/2.0)<\/li>\n<li>Autofocus : Non<\/li>\n<li>Flash : Non<b>Batterie :<\/b>\n<ul>\n<li>Capacit\u00e9 : 5000 mAh<\/li>\n<li>Autonomie :<\/li>\n<li>Internet (4G) : Jusqu\u2019\u00e0 19 heures<\/li>\n<li>Vid\u00e9o : Jusqu\u2019\u00e0 18 heures<\/li>\n<li>Audio : Jusqu\u2019\u00e0 74 heures<\/li>\n<\/ul>\n<p><b>Connectivit\u00e9 :<\/b><\/p>\n<ul>\n<li>USB Type-C (version 2.0)<\/li>\n<li>Bluetooth v5.3<\/li>\n<li>Wi-Fi : 802.11 a\/b\/g\/n\/ac, 2,4 GHz + 5 GHz<\/li>\n<li>NFC : Oui<\/li>\n<li>Localisation : GPS, Glonass, Beidou, Galileo, QZSS<b>R\u00e9seau :<\/b>\n<ul>\n<li>Double SIM : Nano SIM<\/li>\n<li>Compatibilit\u00e9 : 2G GSM, 3G UMTS, 4G LTE (FDD et TDD)<\/li>\n<\/ul>\n<p><b>Syst\u00e8me d\u2019exploitation :<\/b><\/p>\n<ul>\n<li>Android avec interface Samsung<\/li>\n<\/ul>\n<p><b>Capteurs :<\/b><\/p>\n<ul>\n<li>Empreinte digitale<\/li>\n<li>Acc\u00e9l\u00e9rom\u00e8tre<\/li>\n<li>Capteur de luminosit\u00e9<\/li>\n<li>Capteur g\u00e9omagn\u00e9tique<\/li>\n<li>Virtual Proximity Sensing<b>Dimensions et poids :<\/b>\n<ul>\n<li>Dimensions : 164.4 x 77.9 x 7.9 mm<\/li>\n<li>Poids : 200 g<\/li>\n<\/ul>\n<p><b>Audio et vid\u00e9o :<\/b><\/p>\n<ul>\n<li>Formats vid\u00e9o pris en charge : MP4, M4V, 3GP, AVI, MKV, etc.<\/li>\n<li>Formats audio pris en charge : MP3, AAC, FLAC, WAV, etc.<\/li>\n<\/ul>\n<p><b>R\u00e9sistance :<\/b><\/p>\n<ul>\n<li>Non sp\u00e9cifi\u00e9e<\/li>\n<\/ul>\n<p><b>Compatibilit\u00e9 objets connect\u00e9s :<\/b><\/p>\n<ul>\n<li>Prise en charge des Galaxy Buds, Galaxy Watch, Galaxy Fit, et autres objets connect\u00e9s Samsung<\/li>\n<li>Compatible avec SmartThings Un smartphone polyvalent offrant un grand \u00e9cran, une excellente capacit\u00e9 photo et une batterie performante pour un usage quotidien.<\/li>\n<\/ul>\n<\/li>\n<\/ul>\n<\/li>\n<\/ul>\n<\/li>\n<\/ul>\n<\/li>\n<\/ul>\n","protected":false},"excerpt":{"rendered":"<p>D\u00e9couvrez le Samsung Galaxy A16 avec 128 Go de stockage, 4 Go RAM, \u00e9cran Super AMOLED 6,7\u2033, triple cam\u00e9ra 50 MP, et batterie 5000 mAh. Performance et \u00e9l\u00e9gance au quotidien.<\/p>\n","protected":false},"featured_media":6656,"comment_status":"open","ping_status":"closed","template":"","meta":[],"product_brand":[125],"product_cat":[146],"product_tag":[],"class_list":{"0":"post-6652","1":"product","2":"type-product","3":"status-publish","4":"has-post-thumbnail","6":"product_brand-samsung","7":"product_cat-smartphones","9":"first","10":"instock","11":"shipping-taxable","12":"purchasable","13":"product-type-simple"},"_cost_price":"","_links":{"self":[{"href":"https:\/\/ackyshop.com\/index.php\/wp-json\/wp\/v2\/product\/6652","targetHints":{"allow":["GET"]}}],"collection":[{"href":"https:\/\/ackyshop.com\/index.php\/wp-json\/wp\/v2\/product"}],"about":[{"href":"https:\/\/ackyshop.com\/index.php\/wp-json\/wp\/v2\/types\/product"}],"replies":[{"embeddable":true,"href":"https:\/\/ackyshop.com\/index.php\/wp-json\/wp\/v2\/comments?post=6652"}],"wp:featuredmedia":[{"embeddable":true,"href":"https:\/\/ackyshop.com\/index.php\/wp-json\/wp\/v2\/media\/6656"}],"wp:attachment":[{"href":"https:\/\/ackyshop.com\/index.php\/wp-json\/wp\/v2\/media?parent=6652"}],"wp:term":[{"taxonomy":"product_brand","embeddable":true,"href":"https:\/\/ackyshop.com\/index.php\/wp-json\/wp\/v2\/product_brand?post=6652"},{"taxonomy":"product_cat","embeddable":true,"href":"https:\/\/ackyshop.com\/index.php\/wp-json\/wp\/v2\/product_cat?post=6652"},{"taxonomy":"product_tag","embeddable":true,"href":"https:\/\/ackyshop.com\/index.php\/wp-json\/wp\/v2\/product_tag?post=6652"}],"curies":[{"name":"wp","href":"https:\/\/api.w.org\/{rel}","templated":true}]}}